{"id":311,"date":"2019-04-14T11:00:40","date_gmt":"2019-04-14T09:00:40","guid":{"rendered":"http:\/\/gilpivert.online\/?page_id=311"},"modified":"2021-10-23T12:57:44","modified_gmt":"2021-10-23T10:57:44","slug":"biographie","status":"publish","type":"page","link":"https:\/\/www.gilpivert.fr\/index.php\/biographie\/","title":{"rendered":"Biographie"},"content":{"rendered":"<div  class=\"one withsmallpadding ppb_content_half_bg \" style=\"padding:30px 0 30px 0;\" >\n<div class=\"standard_wrapper\">\n<div class=\"page_content_wrapper\">\n<div class=\"inner\">\n<div class=\"one_half_bg floatright\" style=\"background:#ffffff;background:rgb(255,255,255,1);background:rgba(255,255,255,1);\">\n<p><img decoding=\"async\" data-attachment-id=\"70\" data-permalink=\"https:\/\/www.gilpivert.fr\/index.php\/biographie\/gil\/\" data-orig-file=\"https:\/\/i0.wp.com\/www.gilpivert.fr\/wp-content\/uploads\/2019\/04\/Gil.jpg?fit=484%2C532&amp;ssl=1\" data-orig-size=\"484,532\" data-comments-opened=\"1\" data-image-meta=\"{&quot;aperture&quot;:&quot;0&quot;,&quot;credit&quot;:&quot;PIVERT Gilles (EXT EXT-SYSTRA)&quot;,&quot;camera&quot;:&quot;&quot;,&quot;caption&quot;:&quot;&quot;,&quot;created_timestamp&quot;:&quot;0&quot;,&quot;copyright&quot;:&quot;&quot;,&quot;focal_length&quot;:&quot;0&quot;,&quot;iso&quot;:&quot;0&quot;,&quot;shutter_speed&quot;:&quot;0&quot;,&quot;title&quot;:&quot;&quot;,&quot;orientation&quot;:&quot;0&quot;}\" data-image-title=\"Gil Pivert\" data-image-description=\"\" data-image-caption=\"\" data-large-file=\"https:\/\/i0.wp.com\/www.gilpivert.fr\/wp-content\/uploads\/2019\/04\/Gil.jpg?fit=484%2C532&amp;ssl=1\" loading=\"lazy\" class=\" wp-image-70 alignleft\" src=\"https:\/\/i2.wp.com\/gilpivert.fr\/wp-content\/uploads\/2019\/04\/Gil-273x300.jpg?resize=165%2C181&#038;ssl=1\" alt=\"\" width=\"165\" height=\"181\" srcset=\"https:\/\/i2.wp.com\/www.gilpivert.fr\/wp-content\/uploads\/2019\/04\/Gil.jpg?resize=273%2C300&amp;ssl=1 273w, https:\/\/i2.wp.com\/www.gilpivert.fr\/wp-content\/uploads\/2019\/04\/Gil.jpg?w=484&amp;ssl=1 484w\" sizes=\"auto, (max-width: 165px) 100vw, 165px\" data-recalc-dims=\"1\" \/>N\u00e9 \u00e0 Paris en 1962, je passe mon enfance au Havre ou je d\u00e9couvre les lumi\u00e8res de l\u2019estuaire de la Seine, l\u2019architecture d\u2019Auguste Perret et les falaises du Pays de Caux.<\/p>\n<p>Enfant, je partage la passion de mon p\u00e8re en d\u00e9veloppant les clich\u00e9s noirs et blancs dans le laboratoire am\u00e9nag\u00e9 au sous-sol de la maison familiale.<\/p>\n<p>10 ann\u00e9es durant j\u2019exerce la profession de webmaster. Je r\u00e9alise alors des sites Internet pour diff\u00e9rents prestataires et grandes entreprises. J\u2019en assure \u00e9galement le graphisme et l\u2019illustration ce qui me conduit \u00e0 une bonne maitrise des outils d\u2019\u00e9dition d\u2019images.<\/p>\n<p>R\u00e9cemment, j\u2019ai franchi le pas en cr\u00e9ant mon activit\u00e9 d\u2019auteur photographe afin de montrer mon travail lors d\u2019expositions et de vendre des tirages d\u2019art.<\/p>\n<p>Passionn\u00e9 de voyages, de villes, de lumi\u00e8res, mes photos ont \u00e9t\u00e9 remarqu\u00e9es par les sites ci-dessous.<\/p>\n<p>En novembre 2018 une de mes photographies a \u00e9t\u00e9 s\u00e9lectionn\u00e9e dans la cat\u00e9gorie Photo urbaine lors du concours pour les 10 ans du site Phototrend (voir les photos sur Flickr)<\/p>\n<p>Apr\u00e8s plusieurs ann\u00e9es de traitement en noir et blanc, je retrouve du plaisir \u00e0 travailler sur les couleurs adoucies et le grain.<\/p>\n<p>\u2026 Je suis actuellement \u00e0 la recherche d\u2019un lieu pour exposer mes tirages.<\/p>\n<\/div>\n<\/div>\n<\/div>\n<\/div>\n<\/div>\n<div  class=\"one withsmallpadding ppb_header \" style=\"text-align:left;padding:30px 0 30px 0;\" >\n<div class=\"standard_wrapper\">\n<div class=\"page_content_wrapper\">\n<div class=\"inner\">\n<div style=\"margin:auto;width:100%\">\n<h2 class=\"ppb_title\" style=\"\">Ils me font confiance&#8230;<\/h2>\n<div class=\"page_header_sep left\"><\/div>\n<p>Qu\u2019il s\u2019agisse d\u2019une utilisation ponctuelle de mes photos, de participer \u00e0 un partage plus global, d\u2019un travail de traitement graphique ou d\u2019une cession de droits\u2026 Je suis \u00e0 votre \u00e9coute pour \u00e9tudier toutes propositions.<\/p>\n<\/div>\n<\/div>\n<\/div>\n<\/div>\n<\/div>\n<div  class=\"one withsmallpadding ppb_header \" style=\"text-align:left;padding:30px 0 30px 0;\" >\n<div class=\"standard_wrapper\">\n<div class=\"page_content_wrapper\">\n<div class=\"inner\">\n<div style=\"margin:auto;width:100%\">\n<p style=\"text-align: center;\">\n<div class=\"one_fourth \" style=\"\">\n<p style=\"text-align: center;\"><img decoding=\"async\" data-attachment-id=\"3285\" data-permalink=\"https:\/\/www.gilpivert.fr\/index.php\/biographie\/4545799-logo-de-cnews-opengraph_1200-2\/\" data-orig-file=\"https:\/\/i0.wp.com\/www.gilpivert.fr\/wp-content\/uploads\/2019\/09\/4545799-logo-de-cnews-opengraph_1200-2.jpg?fit=700%2C368&amp;ssl=1\" data-orig-size=\"700,368\" data-comments-opened=\"1\" data-image-meta=\"{&quot;aperture&quot;:&quot;0&quot;,&quot;credit&quot;:&quot;&quot;,&quot;camera&quot;:&quot;&quot;,&quot;caption&quot;:&quot;&quot;,&quot;created_timestamp&quot;:&quot;0&quot;,&quot;copyright&quot;:&quot;&quot;,&quot;focal_length&quot;:&quot;0&quot;,&quot;iso&quot;:&quot;0&quot;,&quot;shutter_speed&quot;:&quot;0&quot;,&quot;title&quot;:&quot;&quot;,&quot;orientation&quot;:&quot;1&quot;}\" data-image-title=\"ogo-de-cnews\" data-image-description=\"\" data-image-caption=\"\" data-large-file=\"https:\/\/i0.wp.com\/www.gilpivert.fr\/wp-content\/uploads\/2019\/09\/4545799-logo-de-cnews-opengraph_1200-2.jpg?fit=700%2C368&amp;ssl=1\" loading=\"lazy\" class=\"wp-image-3285 aligncenter\" src=\"https:\/\/i1.wp.com\/gilpivert.fr\/wp-content\/uploads\/2019\/09\/4545799-logo-de-cnews-opengraph_1200-2-300x158.jpg?resize=169%2C89&#038;ssl=1\" alt=\"\" width=\"169\" height=\"89\" srcset=\"https:\/\/i0.wp.com\/www.gilpivert.fr\/wp-content\/uploads\/2019\/09\/4545799-logo-de-cnews-opengraph_1200-2.jpg?resize=300%2C158&amp;ssl=1 300w, https:\/\/i0.wp.com\/www.gilpivert.fr\/wp-content\/uploads\/2019\/09\/4545799-logo-de-cnews-opengraph_1200-2.jpg?w=700&amp;ssl=1 700w\" sizes=\"auto, (max-width: 169px) 100vw, 169px\" data-recalc-dims=\"1\" \/><\/p>\n<p style=\"text-align: center;\"><a href=\"https:\/\/www.cnews.fr\/diaporamas\/les-41-sites-francais-classes-lunesco-699582\" target=\"_blank\" rel=\"noopener\">CNEWS<\/a><\/p>\n<p style=\"text-align: center;\"><\/div>\n<div class=\"one_fourth \" style=\"\">\n<p style=\"text-align: center;\"><img decoding=\"async\" data-attachment-id=\"3284\" data-permalink=\"https:\/\/www.gilpivert.fr\/index.php\/biographie\/innovaconcrete-logo\/\" data-orig-file=\"https:\/\/i0.wp.com\/www.gilpivert.fr\/wp-content\/uploads\/2019\/09\/InnovaConcrete-Logo.png?fit=326%2C156&amp;ssl=1\" data-orig-size=\"326,156\" data-comments-opened=\"1\" data-image-meta=\"{&quot;aperture&quot;:&quot;0&quot;,&quot;credit&quot;:&quot;&quot;,&quot;camera&quot;:&quot;&quot;,&quot;caption&quot;:&quot;&quot;,&quot;created_timestamp&quot;:&quot;0&quot;,&quot;copyright&quot;:&quot;&quot;,&quot;focal_length&quot;:&quot;0&quot;,&quot;iso&quot;:&quot;0&quot;,&quot;shutter_speed&quot;:&quot;0&quot;,&quot;title&quot;:&quot;&quot;,&quot;orientation&quot;:&quot;0&quot;}\" data-image-title=\"InnovaConcrete\" data-image-description=\"\" data-image-caption=\"&lt;p&gt;InnovaConcrete&lt;\/p&gt;\n\" data-large-file=\"https:\/\/i0.wp.com\/www.gilpivert.fr\/wp-content\/uploads\/2019\/09\/InnovaConcrete-Logo.png?fit=326%2C156&amp;ssl=1\" loading=\"lazy\" class=\"wp-image-3284 aligncenter\" src=\"https:\/\/i0.wp.com\/gilpivert.fr\/wp-content\/uploads\/2019\/09\/InnovaConcrete-Logo-300x144.png?resize=208%2C100&#038;ssl=1\" alt=\"\" width=\"208\" height=\"100\" srcset=\"https:\/\/i1.wp.com\/www.gilpivert.fr\/wp-content\/uploads\/2019\/09\/InnovaConcrete-Logo.png?resize=300%2C144&amp;ssl=1 300w, https:\/\/i1.wp.com\/www.gilpivert.fr\/wp-content\/uploads\/2019\/09\/InnovaConcrete-Logo.png?w=326&amp;ssl=1 326w\" sizes=\"auto, (max-width: 208px) 100vw, 208px\" data-recalc-dims=\"1\" \/><a href=\"https:\/\/100of20.innovaconcrete.eu\/le-havre-reconstruction\" target=\"_blank\" rel=\"noopener\">INNOVA CONCRETE<\/a><\/p>\n<p style=\"text-align: center;\"><\/div>\n<div class=\"one_fourth \" style=\"\">\n<p style=\"text-align: center;\"><img decoding=\"async\" data-attachment-id=\"3312\" data-permalink=\"https:\/\/www.gilpivert.fr\/index.php\/biographie\/casesigradini-470x110\/\" data-orig-file=\"https:\/\/i0.wp.com\/www.gilpivert.fr\/wp-content\/uploads\/2019\/09\/casesigradini-470x110.gif?fit=470%2C110&amp;ssl=1\" data-orig-size=\"470,110\" data-comments-opened=\"1\" data-image-meta=\"{&quot;aperture&quot;:&quot;0&quot;,&quot;credit&quot;:&quot;&quot;,&quot;camera&quot;:&quot;&quot;,&quot;caption&quot;:&quot;&quot;,&quot;created_timestamp&quot;:&quot;0&quot;,&quot;copyright&quot;:&quot;&quot;,&quot;focal_length&quot;:&quot;0&quot;,&quot;iso&quot;:&quot;0&quot;,&quot;shutter_speed&quot;:&quot;0&quot;,&quot;title&quot;:&quot;&quot;,&quot;orientation&quot;:&quot;0&quot;}\" data-image-title=\"casesigradini\" data-image-description=\"\" data-image-caption=\"\" data-large-file=\"https:\/\/i0.wp.com\/www.gilpivert.fr\/wp-content\/uploads\/2019\/09\/casesigradini-470x110.gif?fit=470%2C110&amp;ssl=1\" loading=\"lazy\" class=\"wp-image-3312 aligncenter\" src=\"https:\/\/i2.wp.com\/gilpivert.fr\/wp-content\/uploads\/2019\/09\/casesigradini-470x110-300x70.gif?resize=424%2C99&#038;ssl=1\" alt=\"\" width=\"424\" height=\"99\" data-recalc-dims=\"1\" \/><br \/>\n<a href=\"https:\/\/www.casesigradini.ro\/revista\/a4\/13129\/15\/Arhitectura\/Auguste-Perret-si-simfonia-betonului-armat\" target=\"_blank\" rel=\"noopener\">CaseSiGradini<\/a><\/p>\n<p style=\"text-align: center;\"><\/div>\n<div class=\"one_fourth last \" style=\"\">\n<p style=\"text-align: center;\"><img decoding=\"async\" data-attachment-id=\"3290\" data-permalink=\"https:\/\/www.gilpivert.fr\/index.php\/biographie\/screenshot_2019-09-14-acerca-de-metricas-del-blog-101-lugares-increibles\/\" data-orig-file=\"https:\/\/i0.wp.com\/www.gilpivert.fr\/wp-content\/uploads\/2019\/09\/Screenshot_2019-09-14-Acerca-de-me%CC%81tricas-del-blog-%E2%80%93-101-Lugares-increi%CC%81bles.jpg?fit=880%2C62&amp;ssl=1\" data-orig-size=\"880,62\" data-comments-opened=\"1\" data-image-meta=\"{&quot;aperture&quot;:&quot;0&quot;,&quot;credit&quot;:&quot;&quot;,&quot;camera&quot;:&quot;&quot;,&quot;caption&quot;:&quot;&quot;,&quot;created_timestamp&quot;:&quot;0&quot;,&quot;copyright&quot;:&quot;&quot;,&quot;focal_length&quot;:&quot;0&quot;,&quot;iso&quot;:&quot;0&quot;,&quot;shutter_speed&quot;:&quot;0&quot;,&quot;title&quot;:&quot;&quot;,&quot;orientation&quot;:&quot;0&quot;}\" data-image-title=\"101-Lugares-increi\u0301bles\" data-image-description=\"\" data-image-caption=\"\" data-large-file=\"https:\/\/i0.wp.com\/www.gilpivert.fr\/wp-content\/uploads\/2019\/09\/Screenshot_2019-09-14-Acerca-de-me%CC%81tricas-del-blog-%E2%80%93-101-Lugares-increi%CC%81bles.jpg?fit=880%2C62&amp;ssl=1\" loading=\"lazy\" class=\"wp-image-3290 aligncenter\" src=\"https:\/\/i1.wp.com\/gilpivert.fr\/wp-content\/uploads\/2019\/09\/Screenshot_2019-09-14-Acerca-de-me\u0301tricas-del-blog-\u2013-101-Lugares-increi\u0301bles-300x21.jpg?resize=428%2C30&#038;ssl=1\" alt=\"\" width=\"428\" height=\"30\" srcset=\"https:\/\/i2.wp.com\/www.gilpivert.fr\/wp-content\/uploads\/2019\/09\/Screenshot_2019-09-14-Acerca-de-me\u0301tricas-del-blog-\u2013-101-Lugares-increi\u0301bles.jpg?resize=300%2C21&amp;ssl=1 300w, https:\/\/i2.wp.com\/www.gilpivert.fr\/wp-content\/uploads\/2019\/09\/Screenshot_2019-09-14-Acerca-de-me\u0301tricas-del-blog-\u2013-101-Lugares-increi\u0301bles.jpg?resize=768%2C54&amp;ssl=1 768w, https:\/\/i2.wp.com\/www.gilpivert.fr\/wp-content\/uploads\/2019\/09\/Screenshot_2019-09-14-Acerca-de-me\u0301tricas-del-blog-\u2013-101-Lugares-increi\u0301bles.jpg?resize=705%2C50&amp;ssl=1 705w, https:\/\/i2.wp.com\/www.gilpivert.fr\/wp-content\/uploads\/2019\/09\/Screenshot_2019-09-14-Acerca-de-me\u0301tricas-del-blog-\u2013-101-Lugares-increi\u0301bles.jpg?w=880&amp;ssl=1 880w\" sizes=\"auto, (max-width: 428px) 100vw, 428px\" data-recalc-dims=\"1\" \/><br \/>\n<a href=\"https:\/\/101lugaresincreibles.com\/\" target=\"_blank\" rel=\"noopener\">101 LUGARES INCREiBLES<\/a><\/p>\n<\/div>\n<p><br class=\"clear\"\/><\/p>\n<\/div>\n<\/div>\n<\/div>\n<\/div>\n<\/div>\n<div  class=\"one withsmallpadding ppb_header \" style=\"text-align:left;padding:30px 0 30px 0;\" >\n<div class=\"standard_wrapper\">\n<div class=\"page_content_wrapper\">\n<div class=\"inner\">\n<div style=\"margin:auto;width:100%\">\n<p>Vous pouvez m\u2019envoyer un message sur la <a href=\"https:\/\/gilpivert.fr\/index.php\/contact\/\">page contact<\/a>. Je suis impatient de d\u00e9couvrir votre projet.<\/p>\n<\/div>\n<\/div>\n<\/div>\n<\/div>\n<\/div>\n<div  class=\"one withsmallpadding ppb_header \" style=\"text-align:left;padding:30px 0 30px 0;\" >\n<div class=\"standard_wrapper\">\n<div class=\"page_content_wrapper\">\n<div class=\"inner\">\n<div style=\"margin:auto;width:100%\">\n<h2 class=\"ppb_title\" style=\"\">Les dernieres parutions sur le blog&#8230;<\/h2>\n<div class=\"page_header_sep left\"><\/div>\n<\/div>\n<\/div>\n<\/div>\n<\/div>\n<\/div>\n<div  class=\"one withsmallpadding ppb_header \" style=\"text-align:left;padding:30px 0 30px 0;\" >\n<div class=\"standard_wrapper\">\n<div class=\"page_content_wrapper\">\n<div class=\"inner\">\n<div style=\"margin:auto;width:100%\">\n<h2 class=\"ppb_title\" style=\"\">Les dernieres parutions sur le blog&#8230;<\/h2>\n<div class=\"page_header_sep left\"><\/div>\n<\/div>\n<\/div>\n<\/div>\n<\/div>\n<\/div>\n","protected":false},"excerpt":{"rendered":"<p>N\u00e9 \u00e0 Paris en 1962, je passe mon enfance au Havre ou je d\u00e9couvre les lumi\u00e8res de l\u2019estuaire de la Seine, l\u2019architecture d\u2019Auguste Perret et les falaises du Pays de Caux. Enfant, je partage la passion de mon p\u00e8re en [&hellip;]<\/p>\n","protected":false},"author":1,"featured_media":0,"parent":0,"menu_order":0,"comment_status":"closed","ping_status":"closed","template":"","meta":{"ngg_post_thumbnail":0,"footnotes":""},"class_list":["post-311","page","type-page","status-publish","hentry"],"yoast_head":"<!-- This site is optimized with the Yoast SEO plugin v27.5 - https:\/\/yoast.com\/product\/yoast-seo-wordpress\/ -->\n<title>Biographie - Gil Pivert<\/title>\n<meta name=\"description\" content=\"Passionn\u00e9 de paysages, de voyages, de villes, d&#039;art et de photos. Je travaille aussi bien en couleur qu&#039;en noir &amp; blanc. Visitez mon site !\" \/>\n<meta name=\"robots\" content=\"index, follow, max-snippet:-1, max-image-preview:large, max-video-preview:-1\" \/>\n<link rel=\"canonical\" href=\"https:\/\/www.gilpivert.fr\/index.php\/biographie\/\" \/>\n<meta property=\"og:locale\" content=\"fr_FR\" \/>\n<meta property=\"og:type\" content=\"article\" \/>\n<meta property=\"og:title\" content=\"Biographie - Gil Pivert\" \/>\n<meta property=\"og:description\" content=\"Passionn\u00e9 de paysages, de voyages, de villes, d&#039;art et de photos. Je travaille aussi bien en couleur qu&#039;en noir &amp; blanc. Visitez mon site !\" \/>\n<meta property=\"og:url\" content=\"https:\/\/www.gilpivert.fr\/index.php\/biographie\/\" \/>\n<meta property=\"og:site_name\" content=\"Gil Pivert\" \/>\n<meta property=\"article:modified_time\" content=\"2021-10-23T10:57:44+00:00\" \/>\n<meta property=\"og:image\" content=\"https:\/\/i2.wp.com\/gilpivert.fr\/wp-content\/uploads\/2019\/04\/Gil-273x300.jpg?resize=165%2C181&#038;ssl=1\" \/>\n<meta name=\"twitter:card\" content=\"summary_large_image\" \/>\n<meta name=\"twitter:label1\" content=\"Dur\u00e9e de lecture estim\u00e9e\" \/>\n\t<meta name=\"twitter:data1\" content=\"1 minute\" \/>\n<script type=\"application\/ld+json\" class=\"yoast-schema-graph\">{\"@context\":\"https:\\\/\\\/schema.org\",\"@graph\":[{\"@type\":\"WebPage\",\"@id\":\"https:\\\/\\\/www.gilpivert.fr\\\/index.php\\\/biographie\\\/\",\"url\":\"https:\\\/\\\/www.gilpivert.fr\\\/index.php\\\/biographie\\\/\",\"name\":\"Biographie - Gil Pivert\",\"isPartOf\":{\"@id\":\"https:\\\/\\\/www.gilpivert.fr\\\/#website\"},\"primaryImageOfPage\":{\"@id\":\"https:\\\/\\\/www.gilpivert.fr\\\/index.php\\\/biographie\\\/#primaryimage\"},\"image\":{\"@id\":\"https:\\\/\\\/www.gilpivert.fr\\\/index.php\\\/biographie\\\/#primaryimage\"},\"thumbnailUrl\":\"https:\\\/\\\/i2.wp.com\\\/gilpivert.fr\\\/wp-content\\\/uploads\\\/2019\\\/04\\\/Gil-273x300.jpg?resize=165%2C181&#038;ssl=1\",\"datePublished\":\"2019-04-14T09:00:40+00:00\",\"dateModified\":\"2021-10-23T10:57:44+00:00\",\"description\":\"Passionn\u00e9 de paysages, de voyages, de villes, d'art et de photos. Je travaille aussi bien en couleur qu'en noir & blanc. Visitez mon site !\",\"breadcrumb\":{\"@id\":\"https:\\\/\\\/www.gilpivert.fr\\\/index.php\\\/biographie\\\/#breadcrumb\"},\"inLanguage\":\"fr-FR\",\"potentialAction\":[{\"@type\":\"ReadAction\",\"target\":[\"https:\\\/\\\/www.gilpivert.fr\\\/index.php\\\/biographie\\\/\"]}]},{\"@type\":\"ImageObject\",\"inLanguage\":\"fr-FR\",\"@id\":\"https:\\\/\\\/www.gilpivert.fr\\\/index.php\\\/biographie\\\/#primaryimage\",\"url\":\"https:\\\/\\\/i2.wp.com\\\/gilpivert.fr\\\/wp-content\\\/uploads\\\/2019\\\/04\\\/Gil-273x300.jpg?resize=165%2C181&#038;ssl=1\",\"contentUrl\":\"https:\\\/\\\/i2.wp.com\\\/gilpivert.fr\\\/wp-content\\\/uploads\\\/2019\\\/04\\\/Gil-273x300.jpg?resize=165%2C181&#038;ssl=1\"},{\"@type\":\"BreadcrumbList\",\"@id\":\"https:\\\/\\\/www.gilpivert.fr\\\/index.php\\\/biographie\\\/#breadcrumb\",\"itemListElement\":[{\"@type\":\"ListItem\",\"position\":1,\"name\":\"Accueil\",\"item\":\"https:\\\/\\\/www.gilpivert.fr\\\/\"},{\"@type\":\"ListItem\",\"position\":2,\"name\":\"Biographie\"}]},{\"@type\":\"WebSite\",\"@id\":\"https:\\\/\\\/www.gilpivert.fr\\\/#website\",\"url\":\"https:\\\/\\\/www.gilpivert.fr\\\/\",\"name\":\"Gil Pivert\",\"description\":\"Photos d\u2019art, culture et partage : R\u00eaver les yeux ouverts\",\"publisher\":{\"@id\":\"https:\\\/\\\/www.gilpivert.fr\\\/#organization\"},\"potentialAction\":[{\"@type\":\"SearchAction\",\"target\":{\"@type\":\"EntryPoint\",\"urlTemplate\":\"https:\\\/\\\/www.gilpivert.fr\\\/?s={search_term_string}\"},\"query-input\":{\"@type\":\"PropertyValueSpecification\",\"valueRequired\":true,\"valueName\":\"search_term_string\"}}],\"inLanguage\":\"fr-FR\"},{\"@type\":\"Organization\",\"@id\":\"https:\\\/\\\/www.gilpivert.fr\\\/#organization\",\"name\":\"Gil Pivert\",\"url\":\"https:\\\/\\\/www.gilpivert.fr\\\/\",\"logo\":{\"@type\":\"ImageObject\",\"inLanguage\":\"fr-FR\",\"@id\":\"https:\\\/\\\/www.gilpivert.fr\\\/#\\\/schema\\\/logo\\\/image\\\/\",\"url\":\"https:\\\/\\\/i1.wp.com\\\/www.gilpivert.fr\\\/wp-content\\\/uploads\\\/2019\\\/08\\\/Logo-GP-J400p.png?fit=400%2C187&ssl=1\",\"contentUrl\":\"https:\\\/\\\/i1.wp.com\\\/www.gilpivert.fr\\\/wp-content\\\/uploads\\\/2019\\\/08\\\/Logo-GP-J400p.png?fit=400%2C187&ssl=1\",\"width\":400,\"height\":187,\"caption\":\"Gil Pivert\"},\"image\":{\"@id\":\"https:\\\/\\\/www.gilpivert.fr\\\/#\\\/schema\\\/logo\\\/image\\\/\"},\"sameAs\":[\"http:\\\/\\\/gil.pivert\"]}]}<\/script>\n<!-- \/ Yoast SEO plugin. -->","yoast_head_json":{"title":"Biographie - Gil Pivert","description":"Passionn\u00e9 de paysages, de voyages, de villes, d'art et de photos. Je travaille aussi bien en couleur qu'en noir & blanc. Visitez mon site !","robots":{"index":"index","follow":"follow","max-snippet":"max-snippet:-1","max-image-preview":"max-image-preview:large","max-video-preview":"max-video-preview:-1"},"canonical":"https:\/\/www.gilpivert.fr\/index.php\/biographie\/","og_locale":"fr_FR","og_type":"article","og_title":"Biographie - Gil Pivert","og_description":"Passionn\u00e9 de paysages, de voyages, de villes, d'art et de photos. Je travaille aussi bien en couleur qu'en noir & blanc. Visitez mon site !","og_url":"https:\/\/www.gilpivert.fr\/index.php\/biographie\/","og_site_name":"Gil Pivert","article_modified_time":"2021-10-23T10:57:44+00:00","og_image":[{"url":"https:\/\/i2.wp.com\/gilpivert.fr\/wp-content\/uploads\/2019\/04\/Gil-273x300.jpg?resize=165%2C181&#038;ssl=1","type":"","width":"","height":""}],"twitter_card":"summary_large_image","twitter_misc":{"Dur\u00e9e de lecture estim\u00e9e":"1 minute"},"schema":{"@context":"https:\/\/schema.org","@graph":[{"@type":"WebPage","@id":"https:\/\/www.gilpivert.fr\/index.php\/biographie\/","url":"https:\/\/www.gilpivert.fr\/index.php\/biographie\/","name":"Biographie - Gil Pivert","isPartOf":{"@id":"https:\/\/www.gilpivert.fr\/#website"},"primaryImageOfPage":{"@id":"https:\/\/www.gilpivert.fr\/index.php\/biographie\/#primaryimage"},"image":{"@id":"https:\/\/www.gilpivert.fr\/index.php\/biographie\/#primaryimage"},"thumbnailUrl":"https:\/\/i2.wp.com\/gilpivert.fr\/wp-content\/uploads\/2019\/04\/Gil-273x300.jpg?resize=165%2C181&#038;ssl=1","datePublished":"2019-04-14T09:00:40+00:00","dateModified":"2021-10-23T10:57:44+00:00","description":"Passionn\u00e9 de paysages, de voyages, de villes, d'art et de photos. Je travaille aussi bien en couleur qu'en noir & blanc. Visitez mon site !","breadcrumb":{"@id":"https:\/\/www.gilpivert.fr\/index.php\/biographie\/#breadcrumb"},"inLanguage":"fr-FR","potentialAction":[{"@type":"ReadAction","target":["https:\/\/www.gilpivert.fr\/index.php\/biographie\/"]}]},{"@type":"ImageObject","inLanguage":"fr-FR","@id":"https:\/\/www.gilpivert.fr\/index.php\/biographie\/#primaryimage","url":"https:\/\/i2.wp.com\/gilpivert.fr\/wp-content\/uploads\/2019\/04\/Gil-273x300.jpg?resize=165%2C181&#038;ssl=1","contentUrl":"https:\/\/i2.wp.com\/gilpivert.fr\/wp-content\/uploads\/2019\/04\/Gil-273x300.jpg?resize=165%2C181&#038;ssl=1"},{"@type":"BreadcrumbList","@id":"https:\/\/www.gilpivert.fr\/index.php\/biographie\/#breadcrumb","itemListElement":[{"@type":"ListItem","position":1,"name":"Accueil","item":"https:\/\/www.gilpivert.fr\/"},{"@type":"ListItem","position":2,"name":"Biographie"}]},{"@type":"WebSite","@id":"https:\/\/www.gilpivert.fr\/#website","url":"https:\/\/www.gilpivert.fr\/","name":"Gil Pivert","description":"Photos d\u2019art, culture et partage : R\u00eaver les yeux ouverts","publisher":{"@id":"https:\/\/www.gilpivert.fr\/#organization"},"potentialAction":[{"@type":"SearchAction","target":{"@type":"EntryPoint","urlTemplate":"https:\/\/www.gilpivert.fr\/?s={search_term_string}"},"query-input":{"@type":"PropertyValueSpecification","valueRequired":true,"valueName":"search_term_string"}}],"inLanguage":"fr-FR"},{"@type":"Organization","@id":"https:\/\/www.gilpivert.fr\/#organization","name":"Gil Pivert","url":"https:\/\/www.gilpivert.fr\/","logo":{"@type":"ImageObject","inLanguage":"fr-FR","@id":"https:\/\/www.gilpivert.fr\/#\/schema\/logo\/image\/","url":"https:\/\/i1.wp.com\/www.gilpivert.fr\/wp-content\/uploads\/2019\/08\/Logo-GP-J400p.png?fit=400%2C187&ssl=1","contentUrl":"https:\/\/i1.wp.com\/www.gilpivert.fr\/wp-content\/uploads\/2019\/08\/Logo-GP-J400p.png?fit=400%2C187&ssl=1","width":400,"height":187,"caption":"Gil Pivert"},"image":{"@id":"https:\/\/www.gilpivert.fr\/#\/schema\/logo\/image\/"},"sameAs":["http:\/\/gil.pivert"]}]}},"jetpack_shortlink":"https:\/\/wp.me\/PaTRHF-51","jetpack_likes_enabled":false,"jetpack_sharing_enabled":true,"_links":{"self":[{"href":"https:\/\/www.gilpivert.fr\/index.php\/wp-json\/wp\/v2\/pages\/311","targetHints":{"allow":["GET"]}}],"collection":[{"href":"https:\/\/www.gilpivert.fr\/index.php\/wp-json\/wp\/v2\/pages"}],"about":[{"href":"https:\/\/www.gilpivert.fr\/index.php\/wp-json\/wp\/v2\/types\/page"}],"author":[{"embeddable":true,"href":"https:\/\/www.gilpivert.fr\/index.php\/wp-json\/wp\/v2\/users\/1"}],"replies":[{"embeddable":true,"href":"https:\/\/www.gilpivert.fr\/index.php\/wp-json\/wp\/v2\/comments?post=311"}],"version-history":[{"count":222,"href":"https:\/\/www.gilpivert.fr\/index.php\/wp-json\/wp\/v2\/pages\/311\/revisions"}],"predecessor-version":[{"id":6378,"href":"https:\/\/www.gilpivert.fr\/index.php\/wp-json\/wp\/v2\/pages\/311\/revisions\/6378"}],"wp:attachment":[{"href":"https:\/\/www.gilpivert.fr\/index.php\/wp-json\/wp\/v2\/media?parent=311"}],"curies":[{"name":"wp","href":"https:\/\/api.w.org\/{rel}","templated":true}]}}