{"id":2840,"date":"2019-08-26T13:56:25","date_gmt":"2019-08-26T11:56:25","guid":{"rendered":"https:\/\/gilpivert.fr\/?page_id=2840"},"modified":"2025-06-23T17:10:25","modified_gmt":"2025-06-23T15:10:25","slug":"contact","status":"publish","type":"page","link":"https:\/\/www.gilpivert.fr\/index.php\/contact\/","title":{"rendered":"Contactez-moi !"},"content":{"rendered":"<div class=\"one\" style=\"padding: 0px 0 0px 0;\">\n<div class=\"standard_wrapper\">\n<div class=\"page_content_wrapper\">\n<div class=\"inner\">\n<div class=\"one_half content_middle animate textright\">\n<p>Vous avez une question ? Vous \u00eates int\u00e9ress\u00e9 par mon travail ? N\u2019h\u00e9sitez pas \u00e0 me contacter :<br \/>\n<\/p>\n\n<div class=\"wp-block-jetpack-contact-form is-layout-flex wp-container-jetpack-contact-form-is-layout-faa3ad1c wp-block-jetpack-contact-form-is-layout-flex\"><a href=\"https:\/\/www.gilpivert.fr\/index.php\/contact\/\" target=\"_blank\" rel=\"noopener noreferrer\">Soumettre un formulaire.<\/a><\/div>\n\n<\/p>\n<p>&nbsp;<\/p>\n<\/div>\n<p><img data-recalc-dims=\"1\" loading=\"lazy\" decoding=\"async\" data-attachment-id=\"1554\" data-permalink=\"https:\/\/www.gilpivert.fr\/index.php\/contact\/hdrpl-2\/\" data-orig-file=\"https:\/\/i0.wp.com\/www.gilpivert.fr\/wp-content\/uploads\/2019\/07\/Chambre-Sanderson2.jpg?fit=512%2C512&amp;ssl=1\" data-orig-size=\"512,512\" data-comments-opened=\"1\" data-image-meta=\"{&quot;aperture&quot;:&quot;1.8&quot;,&quot;credit&quot;:&quot;&quot;,&quot;camera&quot;:&quot;HMA-L29&quot;,&quot;caption&quot;:&quot;hdrpl&quot;,&quot;created_timestamp&quot;:&quot;1561318811&quot;,&quot;copyright&quot;:&quot;&quot;,&quot;focal_length&quot;:&quot;4.8&quot;,&quot;iso&quot;:&quot;1600&quot;,&quot;shutter_speed&quot;:&quot;0.05&quot;,&quot;title&quot;:&quot;hdrpl&quot;,&quot;orientation&quot;:&quot;1&quot;}\" data-image-title=\"\" data-image-description=\"\" data-image-caption=\"\" data-large-file=\"https:\/\/i0.wp.com\/www.gilpivert.fr\/wp-content\/uploads\/2019\/07\/Chambre-Sanderson2.jpg?fit=512%2C512&amp;ssl=1\" class=\"alignnone size-medium wp-image-1554\" src=\"https:\/\/i0.wp.com\/www.gilpivert.fr\/wp-content\/uploads\/2019\/07\/Chambre-Sanderson2.jpg?resize=300%2C300&#038;ssl=1\" alt=\"\" width=\"300\" height=\"300\" srcset=\"https:\/\/i0.wp.com\/www.gilpivert.fr\/wp-content\/uploads\/2019\/07\/Chambre-Sanderson2.jpg?resize=300%2C300&amp;ssl=1 300w, https:\/\/i0.wp.com\/www.gilpivert.fr\/wp-content\/uploads\/2019\/07\/Chambre-Sanderson2.jpg?resize=150%2C150&amp;ssl=1 150w, https:\/\/i0.wp.com\/www.gilpivert.fr\/wp-content\/uploads\/2019\/07\/Chambre-Sanderson2.jpg?w=512&amp;ssl=1 512w\" sizes=\"auto, (max-width: 300px) 100vw, 300px\" \/><\/p>\n<div class=\"one_half last\">&nbsp;<\/div>\n<p>&nbsp;<\/p>\n<\/div>\n<\/div>\n<\/div>\n<\/div>\n\n\n<p><\/p>\n","protected":false},"excerpt":{"rendered":"<p>Vous avez une question ? Vous \u00eates int\u00e9ress\u00e9 par mon travail ? N\u2019h\u00e9sitez pas \u00e0 me contacter : &nbsp; &nbsp; &nbsp;<\/p>\n","protected":false},"author":1,"featured_media":0,"parent":0,"menu_order":0,"comment_status":"closed","ping_status":"closed","template":"","meta":{"ngg_post_thumbnail":0,"footnotes":""},"class_list":["post-2840","page","type-page","status-publish","hentry"],"yoast_head":"<!-- This site is optimized with the Yoast SEO plugin v27.4 - https:\/\/yoast.com\/product\/yoast-seo-wordpress\/ -->\n<title>Contactez-moi ! - Gil Pivert<\/title>\n<meta name=\"description\" content=\"Pour me contacter, vous pouvez utiliser le formulaire. Je ne manquerai pas de vous r\u00e9pondre le plus rapidement possible.\" \/>\n<meta name=\"robots\" content=\"index, follow, max-snippet:-1, max-image-preview:large, max-video-preview:-1\" \/>\n<link rel=\"canonical\" href=\"https:\/\/www.gilpivert.fr\/index.php\/contact\/\" \/>\n<meta property=\"og:locale\" content=\"fr_FR\" \/>\n<meta property=\"og:type\" content=\"article\" \/>\n<meta property=\"og:title\" content=\"Contactez-moi ! - Gil Pivert\" \/>\n<meta property=\"og:description\" content=\"Pour me contacter, vous pouvez utiliser le formulaire. Je ne manquerai pas de vous r\u00e9pondre le plus rapidement possible.\" \/>\n<meta property=\"og:url\" content=\"https:\/\/www.gilpivert.fr\/index.php\/contact\/\" \/>\n<meta property=\"og:site_name\" content=\"Gil Pivert\" \/>\n<meta property=\"article:modified_time\" content=\"2025-06-23T15:10:25+00:00\" \/>\n<meta property=\"og:image\" content=\"https:\/\/www.gilpivert.fr\/wp-content\/uploads\/2019\/07\/Chambre-Sanderson2-300x300.jpg\" \/>\n<meta name=\"twitter:card\" content=\"summary_large_image\" \/>\n<meta name=\"twitter:label1\" content=\"Dur\u00e9e de lecture estim\u00e9e\" \/>\n\t<meta name=\"twitter:data1\" content=\"1 minute\" \/>\n<script type=\"application\/ld+json\" class=\"yoast-schema-graph\">{\"@context\":\"https:\\\/\\\/schema.org\",\"@graph\":[{\"@type\":\"WebPage\",\"@id\":\"https:\\\/\\\/www.gilpivert.fr\\\/index.php\\\/contact\\\/\",\"url\":\"https:\\\/\\\/www.gilpivert.fr\\\/index.php\\\/contact\\\/\",\"name\":\"Contactez-moi ! - Gil Pivert\",\"isPartOf\":{\"@id\":\"https:\\\/\\\/www.gilpivert.fr\\\/#website\"},\"primaryImageOfPage\":{\"@id\":\"https:\\\/\\\/www.gilpivert.fr\\\/index.php\\\/contact\\\/#primaryimage\"},\"image\":{\"@id\":\"https:\\\/\\\/www.gilpivert.fr\\\/index.php\\\/contact\\\/#primaryimage\"},\"thumbnailUrl\":\"https:\\\/\\\/www.gilpivert.fr\\\/wp-content\\\/uploads\\\/2019\\\/07\\\/Chambre-Sanderson2-300x300.jpg\",\"datePublished\":\"2019-08-26T11:56:25+00:00\",\"dateModified\":\"2025-06-23T15:10:25+00:00\",\"description\":\"Pour me contacter, vous pouvez utiliser le formulaire. Je ne manquerai pas de vous r\u00e9pondre le plus rapidement possible.\",\"breadcrumb\":{\"@id\":\"https:\\\/\\\/www.gilpivert.fr\\\/index.php\\\/contact\\\/#breadcrumb\"},\"inLanguage\":\"fr-FR\",\"potentialAction\":[{\"@type\":\"ReadAction\",\"target\":[\"https:\\\/\\\/www.gilpivert.fr\\\/index.php\\\/contact\\\/\"]}]},{\"@type\":\"ImageObject\",\"inLanguage\":\"fr-FR\",\"@id\":\"https:\\\/\\\/www.gilpivert.fr\\\/index.php\\\/contact\\\/#primaryimage\",\"url\":\"https:\\\/\\\/i0.wp.com\\\/www.gilpivert.fr\\\/wp-content\\\/uploads\\\/2019\\\/07\\\/Chambre-Sanderson2.jpg?fit=512%2C512&ssl=1\",\"contentUrl\":\"https:\\\/\\\/i0.wp.com\\\/www.gilpivert.fr\\\/wp-content\\\/uploads\\\/2019\\\/07\\\/Chambre-Sanderson2.jpg?fit=512%2C512&ssl=1\",\"width\":512,\"height\":512},{\"@type\":\"BreadcrumbList\",\"@id\":\"https:\\\/\\\/www.gilpivert.fr\\\/index.php\\\/contact\\\/#breadcrumb\",\"itemListElement\":[{\"@type\":\"ListItem\",\"position\":1,\"name\":\"Accueil\",\"item\":\"https:\\\/\\\/www.gilpivert.fr\\\/\"},{\"@type\":\"ListItem\",\"position\":2,\"name\":\"Contactez-moi !\"}]},{\"@type\":\"WebSite\",\"@id\":\"https:\\\/\\\/www.gilpivert.fr\\\/#website\",\"url\":\"https:\\\/\\\/www.gilpivert.fr\\\/\",\"name\":\"Gil Pivert\",\"description\":\"Photos d\u2019art, culture et partage : R\u00eaver les yeux ouverts\",\"publisher\":{\"@id\":\"https:\\\/\\\/www.gilpivert.fr\\\/#organization\"},\"potentialAction\":[{\"@type\":\"SearchAction\",\"target\":{\"@type\":\"EntryPoint\",\"urlTemplate\":\"https:\\\/\\\/www.gilpivert.fr\\\/?s={search_term_string}\"},\"query-input\":{\"@type\":\"PropertyValueSpecification\",\"valueRequired\":true,\"valueName\":\"search_term_string\"}}],\"inLanguage\":\"fr-FR\"},{\"@type\":\"Organization\",\"@id\":\"https:\\\/\\\/www.gilpivert.fr\\\/#organization\",\"name\":\"Gil Pivert\",\"url\":\"https:\\\/\\\/www.gilpivert.fr\\\/\",\"logo\":{\"@type\":\"ImageObject\",\"inLanguage\":\"fr-FR\",\"@id\":\"https:\\\/\\\/www.gilpivert.fr\\\/#\\\/schema\\\/logo\\\/image\\\/\",\"url\":\"https:\\\/\\\/i1.wp.com\\\/www.gilpivert.fr\\\/wp-content\\\/uploads\\\/2019\\\/08\\\/Logo-GP-J400p.png?fit=400%2C187&ssl=1\",\"contentUrl\":\"https:\\\/\\\/i1.wp.com\\\/www.gilpivert.fr\\\/wp-content\\\/uploads\\\/2019\\\/08\\\/Logo-GP-J400p.png?fit=400%2C187&ssl=1\",\"width\":400,\"height\":187,\"caption\":\"Gil Pivert\"},\"image\":{\"@id\":\"https:\\\/\\\/www.gilpivert.fr\\\/#\\\/schema\\\/logo\\\/image\\\/\"},\"sameAs\":[\"http:\\\/\\\/gil.pivert\"]}]}<\/script>\n<!-- \/ Yoast SEO plugin. -->","yoast_head_json":{"title":"Contactez-moi ! - Gil Pivert","description":"Pour me contacter, vous pouvez utiliser le formulaire. Je ne manquerai pas de vous r\u00e9pondre le plus rapidement possible.","robots":{"index":"index","follow":"follow","max-snippet":"max-snippet:-1","max-image-preview":"max-image-preview:large","max-video-preview":"max-video-preview:-1"},"canonical":"https:\/\/www.gilpivert.fr\/index.php\/contact\/","og_locale":"fr_FR","og_type":"article","og_title":"Contactez-moi ! - Gil Pivert","og_description":"Pour me contacter, vous pouvez utiliser le formulaire. Je ne manquerai pas de vous r\u00e9pondre le plus rapidement possible.","og_url":"https:\/\/www.gilpivert.fr\/index.php\/contact\/","og_site_name":"Gil Pivert","article_modified_time":"2025-06-23T15:10:25+00:00","og_image":[{"url":"https:\/\/www.gilpivert.fr\/wp-content\/uploads\/2019\/07\/Chambre-Sanderson2-300x300.jpg","type":"","width":"","height":""}],"twitter_card":"summary_large_image","twitter_misc":{"Dur\u00e9e de lecture estim\u00e9e":"1 minute"},"schema":{"@context":"https:\/\/schema.org","@graph":[{"@type":"WebPage","@id":"https:\/\/www.gilpivert.fr\/index.php\/contact\/","url":"https:\/\/www.gilpivert.fr\/index.php\/contact\/","name":"Contactez-moi ! - Gil Pivert","isPartOf":{"@id":"https:\/\/www.gilpivert.fr\/#website"},"primaryImageOfPage":{"@id":"https:\/\/www.gilpivert.fr\/index.php\/contact\/#primaryimage"},"image":{"@id":"https:\/\/www.gilpivert.fr\/index.php\/contact\/#primaryimage"},"thumbnailUrl":"https:\/\/www.gilpivert.fr\/wp-content\/uploads\/2019\/07\/Chambre-Sanderson2-300x300.jpg","datePublished":"2019-08-26T11:56:25+00:00","dateModified":"2025-06-23T15:10:25+00:00","description":"Pour me contacter, vous pouvez utiliser le formulaire. Je ne manquerai pas de vous r\u00e9pondre le plus rapidement possible.","breadcrumb":{"@id":"https:\/\/www.gilpivert.fr\/index.php\/contact\/#breadcrumb"},"inLanguage":"fr-FR","potentialAction":[{"@type":"ReadAction","target":["https:\/\/www.gilpivert.fr\/index.php\/contact\/"]}]},{"@type":"ImageObject","inLanguage":"fr-FR","@id":"https:\/\/www.gilpivert.fr\/index.php\/contact\/#primaryimage","url":"https:\/\/i0.wp.com\/www.gilpivert.fr\/wp-content\/uploads\/2019\/07\/Chambre-Sanderson2.jpg?fit=512%2C512&ssl=1","contentUrl":"https:\/\/i0.wp.com\/www.gilpivert.fr\/wp-content\/uploads\/2019\/07\/Chambre-Sanderson2.jpg?fit=512%2C512&ssl=1","width":512,"height":512},{"@type":"BreadcrumbList","@id":"https:\/\/www.gilpivert.fr\/index.php\/contact\/#breadcrumb","itemListElement":[{"@type":"ListItem","position":1,"name":"Accueil","item":"https:\/\/www.gilpivert.fr\/"},{"@type":"ListItem","position":2,"name":"Contactez-moi !"}]},{"@type":"WebSite","@id":"https:\/\/www.gilpivert.fr\/#website","url":"https:\/\/www.gilpivert.fr\/","name":"Gil Pivert","description":"Photos d\u2019art, culture et partage : R\u00eaver les yeux ouverts","publisher":{"@id":"https:\/\/www.gilpivert.fr\/#organization"},"potentialAction":[{"@type":"SearchAction","target":{"@type":"EntryPoint","urlTemplate":"https:\/\/www.gilpivert.fr\/?s={search_term_string}"},"query-input":{"@type":"PropertyValueSpecification","valueRequired":true,"valueName":"search_term_string"}}],"inLanguage":"fr-FR"},{"@type":"Organization","@id":"https:\/\/www.gilpivert.fr\/#organization","name":"Gil Pivert","url":"https:\/\/www.gilpivert.fr\/","logo":{"@type":"ImageObject","inLanguage":"fr-FR","@id":"https:\/\/www.gilpivert.fr\/#\/schema\/logo\/image\/","url":"https:\/\/i1.wp.com\/www.gilpivert.fr\/wp-content\/uploads\/2019\/08\/Logo-GP-J400p.png?fit=400%2C187&ssl=1","contentUrl":"https:\/\/i1.wp.com\/www.gilpivert.fr\/wp-content\/uploads\/2019\/08\/Logo-GP-J400p.png?fit=400%2C187&ssl=1","width":400,"height":187,"caption":"Gil Pivert"},"image":{"@id":"https:\/\/www.gilpivert.fr\/#\/schema\/logo\/image\/"},"sameAs":["http:\/\/gil.pivert"]}]}},"jetpack_shortlink":"https:\/\/wp.me\/PaTRHF-JO","jetpack_likes_enabled":false,"jetpack_sharing_enabled":true,"_links":{"self":[{"href":"https:\/\/www.gilpivert.fr\/index.php\/wp-json\/wp\/v2\/pages\/2840","targetHints":{"allow":["GET"]}}],"collection":[{"href":"https:\/\/www.gilpivert.fr\/index.php\/wp-json\/wp\/v2\/pages"}],"about":[{"href":"https:\/\/www.gilpivert.fr\/index.php\/wp-json\/wp\/v2\/types\/page"}],"author":[{"embeddable":true,"href":"https:\/\/www.gilpivert.fr\/index.php\/wp-json\/wp\/v2\/users\/1"}],"replies":[{"embeddable":true,"href":"https:\/\/www.gilpivert.fr\/index.php\/wp-json\/wp\/v2\/comments?post=2840"}],"version-history":[{"count":50,"href":"https:\/\/www.gilpivert.fr\/index.php\/wp-json\/wp\/v2\/pages\/2840\/revisions"}],"predecessor-version":[{"id":6849,"href":"https:\/\/www.gilpivert.fr\/index.php\/wp-json\/wp\/v2\/pages\/2840\/revisions\/6849"}],"wp:attachment":[{"href":"https:\/\/www.gilpivert.fr\/index.php\/wp-json\/wp\/v2\/media?parent=2840"}],"curies":[{"name":"wp","href":"https:\/\/api.w.org\/{rel}","templated":true}]}}