{"id":2030,"date":"2019-08-17T11:48:04","date_gmt":"2019-08-17T09:48:04","guid":{"rendered":"https:\/\/gilpivert.fr\/?page_id=2030"},"modified":"2019-08-18T15:46:01","modified_gmt":"2019-08-18T13:46:01","slug":"voyage-en-irlande-2","status":"publish","type":"page","link":"https:\/\/www.gilpivert.fr\/index.php\/voyage-en-irlande-2\/","title":{"rendered":"Voyage en Irlande"},"content":{"rendered":"<div  class=\"one withsmallpadding ppb_header \" style=\"text-align:left;padding:30px 0 30px 0;\" >\n<div class=\"standard_wrapper\">\n<div class=\"page_content_wrapper\">\n<div class=\"inner\">\n<div style=\"margin:auto;width:100%\">\n<h2 class=\"ppb_title\" style=\"\">Voyage en Irlande<\/h2>\n<div class=\"page_header_sep left\"><\/div>\n<\/p>\n<div id=\"page_caption\" class=\"  \">\n<div class=\"page_title_wrapper\">\n<div class=\"page_title_inner\">\n<p>L\u2019ouest de l\u2019Irlande, <a href=\"https:\/\/gilpivert.fr\/index.php\/2019\/07\/06\/la-bas-au-connemara\/\">le Connemara et le Burren<\/a> sont des terres \u00e9tranges. Au moindre rayon de soleil les ombres et la clart\u00e9 s\u2019entre-d\u00e9chirent faisant exploser les couleurs. Arides, il n\u2019y pousse que des cailloux et des rhododendrons sauvages devenus invasifs. En voici quelques images en couleurs\u2026<\/p>\n<\/div>\n<\/div>\n<\/div>\n<\/div>\n<\/div>\n<\/div>\n<\/div>\n<\/div>\n<div  class=\"one withsmallpadding ppb_header \" style=\"text-align:left;padding:30px 0 30px 0;\" >\n<div class=\"standard_wrapper\">\n<div class=\"page_content_wrapper\">\n<div class=\"inner\">\n<div style=\"margin:auto;width:100%\">\n<h2 class=\"ppb_title\" style=\"\">Voyage en Irlande<\/h2>\n<div class=\"page_header_sep left\"><\/div>\n<\/p>\n<div id=\"page_caption\" class=\"  \">\n<div class=\"page_title_wrapper\">\n<div class=\"page_title_inner\">\n<p>L\u2019ouest de l\u2019Irlande, <a href=\"https:\/\/gilpivert.fr\/index.php\/2019\/07\/06\/la-bas-au-connemara\/\">le Connemara et le Burren<\/a> sont des terres \u00e9tranges. Au moindre rayon de soleil les ombres et la clart\u00e9 s\u2019entre-d\u00e9chirent faisant exploser les couleurs. Arides, il n\u2019y pousse que des cailloux et des rhododendrons sauvages devenus invasifs. En voici quelques images en couleurs\u2026<\/p>\n<\/div>\n<\/div>\n<\/div>\n<\/div>\n<\/div>\n<\/div>\n<\/div>\n<\/div>\n<div  class=\"one withsmallpadding ppb_header \" style=\"text-align:left;padding:30px 0 30px 0;\" >\n<div class=\"standard_wrapper\">\n<div class=\"page_content_wrapper\">\n<div class=\"inner\">\n<div style=\"margin:auto;width:100%\">\n<h2 class=\"ppb_title\" style=\"\">Voyage en Irlande<\/h2>\n<div class=\"page_header_sep left\"><\/div>\n<\/p>\n<div id=\"page_caption\" class=\"  \">\n<div class=\"page_title_wrapper\">\n<div class=\"page_title_inner\">\n<p>L\u2019ouest de l\u2019Irlande, <a href=\"https:\/\/gilpivert.fr\/index.php\/2019\/07\/06\/la-bas-au-connemara\/\">le Connemara et le Burren<\/a> sont des terres \u00e9tranges. Au moindre rayon de soleil les ombres et la clart\u00e9 s\u2019entre-d\u00e9chirent faisant exploser les couleurs. Arides, il n\u2019y pousse que des cailloux et des rhododendrons sauvages devenus invasifs. En voici quelques images en couleurs\u2026<\/p>\n<\/div>\n<\/div>\n<\/div>\n<\/div>\n<\/div>\n<\/div>\n<\/div>\n<\/div>\n<div  class=\"one withsmallpadding ppb_text\" style=\"padding:30px 0 30px 0;\" >\n<div class=\"standard_wrapper\">\n<div class=\"page_content_wrapper\">\n<div class=\"inner\">\n<div style=\"margin:auto;width:100%\">\n<p>Et en noir &#038; blanc<\/p>\n<\/div>\n<\/div>\n<\/div>\n<\/div>\n<\/div>\n<div  class=\"one withsmallpadding ppb_text\" style=\"padding:30px 0 30px 0;\" >\n<div class=\"standard_wrapper\">\n<div class=\"page_content_wrapper\">\n<div class=\"inner\">\n<div style=\"margin:auto;width:100%\">\n<p>Et en noir &#038; blanc<\/p>\n<\/div>\n<\/div>\n<\/div>\n<\/div>\n<\/div>\n<div  class=\"one withsmallpadding ppb_header \" style=\"text-align:left;padding:30px 0 30px 0;\" >\n<div class=\"standard_wrapper\">\n<div class=\"page_content_wrapper\">\n<div class=\"inner\">\n<div style=\"margin:auto;width:100%\">\n<div class=\"one_half \" style=\"\">\nAlbum photo de mon pr\u00e9c\u00e9dent voyage en Irlande je vous invite \u00e0 visiter le Cannemara et le Burren.\n<\/div>\n<div class=\"one_half last \" style=\"\">\nCOMPLETED:\u00a0<i>2019<\/i><br \/>\nDESIGNED: <i>Gil Pivert<\/i><br \/>\nCLASSIFICATION:\u00a0<i>Photographies<\/i>\n<\/div>\n<p><br class=\"clear\"\/><\/p>\n<\/div>\n<\/div>\n<\/div>\n<\/div>\n<\/div>\n<div  class=\"one withsmallpadding ppb_header \" style=\"text-align:left;padding:30px 0 30px 0;\" >\n<div class=\"standard_wrapper\">\n<div class=\"page_content_wrapper\">\n<div class=\"inner\">\n<div style=\"margin:auto;width:100%\">\n<div class=\"one_half \" style=\"\">\nAlbum photo de mon pr\u00e9c\u00e9dent voyage en Irlande je vous invite \u00e0 visiter le Cannemara et le Burren.\n<\/div>\n<div class=\"one_half last \" style=\"\">\nCOMPLETED:\u00a0<i>2019<\/i><br \/>\nDESIGNED: <i>Gil Pivert<\/i><br \/>\nCLASSIFICATION:\u00a0<i>Photographies<\/i>\n<\/div>\n<p><br class=\"clear\"\/><\/p>\n<\/div>\n<\/div>\n<\/div>\n<\/div>\n<\/div>\n","protected":false},"excerpt":{"rendered":"<p>Voyage en Irlande L\u2019ouest de l\u2019Irlande, le Connemara et le Burren sont des terres \u00e9tranges. Au moindre rayon de soleil les ombres et la clart\u00e9 s\u2019entre-d\u00e9chirent faisant exploser les couleurs. Arides, il n\u2019y pousse que des cailloux et des rhododendrons [&hellip;]<\/p>\n","protected":false},"author":1,"featured_media":0,"parent":0,"menu_order":0,"comment_status":"closed","ping_status":"closed","template":"","meta":{"ngg_post_thumbnail":0,"footnotes":""},"class_list":["post-2030","page","type-page","status-publish","hentry"],"yoast_head":"<!-- This site is optimized with the Yoast SEO plugin v27.4 - https:\/\/yoast.com\/product\/yoast-seo-wordpress\/ -->\n<title>Voyage en Irlande - Gil Pivert<\/title>\n<meta name=\"description\" content=\"Galerie photographique de Gil Pivert. Auteur - Photographe. Portfolios de ses travaux, book et blog pour \u00e9changer autour de l&#039;image et des voyages.\" \/>\n<meta name=\"robots\" content=\"index, follow, max-snippet:-1, max-image-preview:large, max-video-preview:-1\" \/>\n<link rel=\"canonical\" href=\"https:\/\/www.gilpivert.fr\/index.php\/voyage-en-irlande-2\/\" \/>\n<meta property=\"og:locale\" content=\"fr_FR\" \/>\n<meta property=\"og:type\" content=\"article\" \/>\n<meta property=\"og:title\" content=\"Voyage en Irlande - Gil Pivert\" \/>\n<meta property=\"og:description\" content=\"Galerie photographique de Gil Pivert. Auteur - Photographe. Portfolios de ses travaux, book et blog pour \u00e9changer autour de l&#039;image et des voyages.\" \/>\n<meta property=\"og:url\" content=\"https:\/\/www.gilpivert.fr\/index.php\/voyage-en-irlande-2\/\" \/>\n<meta property=\"og:site_name\" content=\"Gil Pivert\" \/>\n<meta property=\"article:modified_time\" content=\"2019-08-18T13:46:01+00:00\" \/>\n<meta name=\"twitter:card\" content=\"summary_large_image\" \/>\n<meta name=\"twitter:label1\" content=\"Dur\u00e9e de lecture estim\u00e9e\" \/>\n\t<meta name=\"twitter:data1\" content=\"1 minute\" \/>\n<script type=\"application\/ld+json\" class=\"yoast-schema-graph\">{\"@context\":\"https:\\\/\\\/schema.org\",\"@graph\":[{\"@type\":\"WebPage\",\"@id\":\"https:\\\/\\\/www.gilpivert.fr\\\/index.php\\\/voyage-en-irlande-2\\\/\",\"url\":\"https:\\\/\\\/www.gilpivert.fr\\\/index.php\\\/voyage-en-irlande-2\\\/\",\"name\":\"Voyage en Irlande - Gil Pivert\",\"isPartOf\":{\"@id\":\"https:\\\/\\\/www.gilpivert.fr\\\/#website\"},\"datePublished\":\"2019-08-17T09:48:04+00:00\",\"dateModified\":\"2019-08-18T13:46:01+00:00\",\"description\":\"Galerie photographique de Gil Pivert. Auteur - Photographe. Portfolios de ses travaux, book et blog pour \u00e9changer autour de l'image et des voyages.\",\"breadcrumb\":{\"@id\":\"https:\\\/\\\/www.gilpivert.fr\\\/index.php\\\/voyage-en-irlande-2\\\/#breadcrumb\"},\"inLanguage\":\"fr-FR\",\"potentialAction\":[{\"@type\":\"ReadAction\",\"target\":[\"https:\\\/\\\/www.gilpivert.fr\\\/index.php\\\/voyage-en-irlande-2\\\/\"]}]},{\"@type\":\"BreadcrumbList\",\"@id\":\"https:\\\/\\\/www.gilpivert.fr\\\/index.php\\\/voyage-en-irlande-2\\\/#breadcrumb\",\"itemListElement\":[{\"@type\":\"ListItem\",\"position\":1,\"name\":\"Accueil\",\"item\":\"https:\\\/\\\/www.gilpivert.fr\\\/\"},{\"@type\":\"ListItem\",\"position\":2,\"name\":\"Voyage en Irlande\"}]},{\"@type\":\"WebSite\",\"@id\":\"https:\\\/\\\/www.gilpivert.fr\\\/#website\",\"url\":\"https:\\\/\\\/www.gilpivert.fr\\\/\",\"name\":\"Gil Pivert\",\"description\":\"Photos d\u2019art, culture et partage : R\u00eaver les yeux ouverts\",\"publisher\":{\"@id\":\"https:\\\/\\\/www.gilpivert.fr\\\/#organization\"},\"potentialAction\":[{\"@type\":\"SearchAction\",\"target\":{\"@type\":\"EntryPoint\",\"urlTemplate\":\"https:\\\/\\\/www.gilpivert.fr\\\/?s={search_term_string}\"},\"query-input\":{\"@type\":\"PropertyValueSpecification\",\"valueRequired\":true,\"valueName\":\"search_term_string\"}}],\"inLanguage\":\"fr-FR\"},{\"@type\":\"Organization\",\"@id\":\"https:\\\/\\\/www.gilpivert.fr\\\/#organization\",\"name\":\"Gil Pivert\",\"url\":\"https:\\\/\\\/www.gilpivert.fr\\\/\",\"logo\":{\"@type\":\"ImageObject\",\"inLanguage\":\"fr-FR\",\"@id\":\"https:\\\/\\\/www.gilpivert.fr\\\/#\\\/schema\\\/logo\\\/image\\\/\",\"url\":\"https:\\\/\\\/i1.wp.com\\\/www.gilpivert.fr\\\/wp-content\\\/uploads\\\/2019\\\/08\\\/Logo-GP-J400p.png?fit=400%2C187&ssl=1\",\"contentUrl\":\"https:\\\/\\\/i1.wp.com\\\/www.gilpivert.fr\\\/wp-content\\\/uploads\\\/2019\\\/08\\\/Logo-GP-J400p.png?fit=400%2C187&ssl=1\",\"width\":400,\"height\":187,\"caption\":\"Gil Pivert\"},\"image\":{\"@id\":\"https:\\\/\\\/www.gilpivert.fr\\\/#\\\/schema\\\/logo\\\/image\\\/\"},\"sameAs\":[\"http:\\\/\\\/gil.pivert\"]}]}<\/script>\n<!-- \/ Yoast SEO plugin. -->","yoast_head_json":{"title":"Voyage en Irlande - Gil Pivert","description":"Galerie photographique de Gil Pivert. Auteur - Photographe. Portfolios de ses travaux, book et blog pour \u00e9changer autour de l'image et des voyages.","robots":{"index":"index","follow":"follow","max-snippet":"max-snippet:-1","max-image-preview":"max-image-preview:large","max-video-preview":"max-video-preview:-1"},"canonical":"https:\/\/www.gilpivert.fr\/index.php\/voyage-en-irlande-2\/","og_locale":"fr_FR","og_type":"article","og_title":"Voyage en Irlande - Gil Pivert","og_description":"Galerie photographique de Gil Pivert. Auteur - Photographe. Portfolios de ses travaux, book et blog pour \u00e9changer autour de l'image et des voyages.","og_url":"https:\/\/www.gilpivert.fr\/index.php\/voyage-en-irlande-2\/","og_site_name":"Gil Pivert","article_modified_time":"2019-08-18T13:46:01+00:00","twitter_card":"summary_large_image","twitter_misc":{"Dur\u00e9e de lecture estim\u00e9e":"1 minute"},"schema":{"@context":"https:\/\/schema.org","@graph":[{"@type":"WebPage","@id":"https:\/\/www.gilpivert.fr\/index.php\/voyage-en-irlande-2\/","url":"https:\/\/www.gilpivert.fr\/index.php\/voyage-en-irlande-2\/","name":"Voyage en Irlande - Gil Pivert","isPartOf":{"@id":"https:\/\/www.gilpivert.fr\/#website"},"datePublished":"2019-08-17T09:48:04+00:00","dateModified":"2019-08-18T13:46:01+00:00","description":"Galerie photographique de Gil Pivert. Auteur - Photographe. Portfolios de ses travaux, book et blog pour \u00e9changer autour de l'image et des voyages.","breadcrumb":{"@id":"https:\/\/www.gilpivert.fr\/index.php\/voyage-en-irlande-2\/#breadcrumb"},"inLanguage":"fr-FR","potentialAction":[{"@type":"ReadAction","target":["https:\/\/www.gilpivert.fr\/index.php\/voyage-en-irlande-2\/"]}]},{"@type":"BreadcrumbList","@id":"https:\/\/www.gilpivert.fr\/index.php\/voyage-en-irlande-2\/#breadcrumb","itemListElement":[{"@type":"ListItem","position":1,"name":"Accueil","item":"https:\/\/www.gilpivert.fr\/"},{"@type":"ListItem","position":2,"name":"Voyage en Irlande"}]},{"@type":"WebSite","@id":"https:\/\/www.gilpivert.fr\/#website","url":"https:\/\/www.gilpivert.fr\/","name":"Gil Pivert","description":"Photos d\u2019art, culture et partage : R\u00eaver les yeux ouverts","publisher":{"@id":"https:\/\/www.gilpivert.fr\/#organization"},"potentialAction":[{"@type":"SearchAction","target":{"@type":"EntryPoint","urlTemplate":"https:\/\/www.gilpivert.fr\/?s={search_term_string}"},"query-input":{"@type":"PropertyValueSpecification","valueRequired":true,"valueName":"search_term_string"}}],"inLanguage":"fr-FR"},{"@type":"Organization","@id":"https:\/\/www.gilpivert.fr\/#organization","name":"Gil Pivert","url":"https:\/\/www.gilpivert.fr\/","logo":{"@type":"ImageObject","inLanguage":"fr-FR","@id":"https:\/\/www.gilpivert.fr\/#\/schema\/logo\/image\/","url":"https:\/\/i1.wp.com\/www.gilpivert.fr\/wp-content\/uploads\/2019\/08\/Logo-GP-J400p.png?fit=400%2C187&ssl=1","contentUrl":"https:\/\/i1.wp.com\/www.gilpivert.fr\/wp-content\/uploads\/2019\/08\/Logo-GP-J400p.png?fit=400%2C187&ssl=1","width":400,"height":187,"caption":"Gil Pivert"},"image":{"@id":"https:\/\/www.gilpivert.fr\/#\/schema\/logo\/image\/"},"sameAs":["http:\/\/gil.pivert"]}]}},"jetpack_shortlink":"https:\/\/wp.me\/PaTRHF-wK","jetpack_likes_enabled":false,"jetpack_sharing_enabled":true,"_links":{"self":[{"href":"https:\/\/www.gilpivert.fr\/index.php\/wp-json\/wp\/v2\/pages\/2030","targetHints":{"allow":["GET"]}}],"collection":[{"href":"https:\/\/www.gilpivert.fr\/index.php\/wp-json\/wp\/v2\/pages"}],"about":[{"href":"https:\/\/www.gilpivert.fr\/index.php\/wp-json\/wp\/v2\/types\/page"}],"author":[{"embeddable":true,"href":"https:\/\/www.gilpivert.fr\/index.php\/wp-json\/wp\/v2\/users\/1"}],"replies":[{"embeddable":true,"href":"https:\/\/www.gilpivert.fr\/index.php\/wp-json\/wp\/v2\/comments?post=2030"}],"version-history":[{"count":75,"href":"https:\/\/www.gilpivert.fr\/index.php\/wp-json\/wp\/v2\/pages\/2030\/revisions"}],"predecessor-version":[{"id":2386,"href":"https:\/\/www.gilpivert.fr\/index.php\/wp-json\/wp\/v2\/pages\/2030\/revisions\/2386"}],"wp:attachment":[{"href":"https:\/\/www.gilpivert.fr\/index.php\/wp-json\/wp\/v2\/media?parent=2030"}],"curies":[{"name":"wp","href":"https:\/\/api.w.org\/{rel}","templated":true}]}}