{"id":1492,"date":"2019-06-12T16:34:23","date_gmt":"2019-06-12T14:34:23","guid":{"rendered":"https:\/\/gilpivert.fr\/?page_id=1492"},"modified":"2019-09-04T12:09:26","modified_gmt":"2019-09-04T10:09:26","slug":"le-connemara-et-le-burren-en-photo","status":"publish","type":"page","link":"https:\/\/www.gilpivert.fr\/index.php\/le-connemara-et-le-burren-en-photo\/","title":{"rendered":"Le Connemara et le Burren en photo"},"content":{"rendered":"\n<p>L&rsquo;ouest de l&rsquo;Irlande, le Connemara, le Burren et Mayo  sont des terres \u00e9tranges. Au moindre rayon de soleil, les ombres et la clart\u00e9 s&rsquo;entre-d\u00e9chirent faisant exploser les couleurs. Arides, il n&rsquo;y pousse que des cailloux et des rhododendrons sauvages devenus invasifs. <\/p>\n\n\n\n<p> J&rsquo;y ai pass\u00e9 quelques temps et j&rsquo;ai r\u00e9dig\u00e9 un article : <a href=\"\/index.php\/2019\/07\/06\/voyage-au-connemara\/\">Voyage en Irlande<\/a>. Voici regroup\u00e9 dans 2 galeries quelques photos de ce voyage<\/p>\n\n\n\nngg_shortcode_0_placeholder\n\n\n\n<p>Les ciels et les montagnes du Connemara se pr\u00eatent bien \u00e9galement \u00e0 la photo en noir &amp; blanc. L&rsquo;ombre des nuages, les reflets changeants de la mer, tout concoure \u00e0 r\u00e9aliser des vue dramatique au sens th\u00e9\u00e2trale du terme.<\/p>\n\n\n\nngg_shortcode_1_placeholder\n\n\n\n<p>Pour aller plus loin, je vous conseille la visite des sites suivants : <a rel=\"noreferrer noopener\" aria-label=\"Terres Celtes (s\u2019ouvre dans un nouvel onglet)\" href=\"https:\/\/www.terresceltes.net\/irlande\" target=\"_blank\">Terres Celtes<\/a> et <a rel=\"noreferrer noopener\" aria-label=\"l'Irlandais (s\u2019ouvre dans un nouvel onglet)\" href=\"https:\/\/www.l-irlandais.fr\/\" target=\"_blank\">l&rsquo;Irlandais<\/a><\/p>\n\n\n\n<p><a href=\"\/index.php\/galeries\/\">Retour aux galeries<\/a><\/p>\n","protected":false},"excerpt":{"rendered":"<p>L&rsquo;ouest de l&rsquo;Irlande, le Connemara, le Burren et Mayo sont des terres \u00e9tranges. Au moindre rayon de soleil, les ombres et la clart\u00e9 s&rsquo;entre-d\u00e9chirent faisant exploser les couleurs. Arides, il n&rsquo;y pousse que des cailloux et des rhododendrons sauvages devenus [&hellip;]<\/p>\n","protected":false},"author":1,"featured_media":1592,"parent":0,"menu_order":0,"comment_status":"closed","ping_status":"closed","template":"","meta":{"ngg_post_thumbnail":0,"footnotes":""},"class_list":["post-1492","page","type-page","status-publish","has-post-thumbnail","hentry"],"yoast_head":"<!-- This site is optimized with the Yoast SEO plugin v27.4 - https:\/\/yoast.com\/product\/yoast-seo-wordpress\/ -->\n<title>Le Connemara et le Burren en photo - Gil Pivert<\/title>\n<meta name=\"description\" content=\"Le ciel et les montagnes d&#039;Irlande se pr\u00eatent bien \u00e0 la photo. En couleur comme en N&amp;B, les reflets de la mer et des nuages donnent des vue magnifiques\" \/>\n<meta name=\"robots\" content=\"index, follow, max-snippet:-1, max-image-preview:large, max-video-preview:-1\" \/>\n<link rel=\"canonical\" href=\"https:\/\/www.gilpivert.fr\/index.php\/le-connemara-et-le-burren-en-photo\/\" \/>\n<meta property=\"og:locale\" content=\"fr_FR\" \/>\n<meta property=\"og:type\" content=\"article\" \/>\n<meta property=\"og:title\" content=\"Le Connemara et le Burren en photo - Gil Pivert\" \/>\n<meta property=\"og:description\" content=\"Le ciel et les montagnes d&#039;Irlande se pr\u00eatent bien \u00e0 la photo. En couleur comme en N&amp;B, les reflets de la mer et des nuages donnent des vue magnifiques\" \/>\n<meta property=\"og:url\" content=\"https:\/\/www.gilpivert.fr\/index.php\/le-connemara-et-le-burren-en-photo\/\" \/>\n<meta property=\"og:site_name\" content=\"Gil Pivert\" \/>\n<meta property=\"article:modified_time\" content=\"2019-09-04T10:09:26+00:00\" \/>\n<meta property=\"og:image\" content=\"https:\/\/i0.wp.com\/www.gilpivert.fr\/wp-content\/uploads\/2019\/07\/Irlande-9.jpg?fit=1200%2C447&ssl=1\" \/>\n\t<meta property=\"og:image:width\" content=\"1200\" \/>\n\t<meta property=\"og:image:height\" content=\"447\" \/>\n\t<meta property=\"og:image:type\" content=\"image\/jpeg\" \/>\n<meta name=\"twitter:card\" content=\"summary_large_image\" \/>\n<meta name=\"twitter:label1\" content=\"Dur\u00e9e de lecture estim\u00e9e\" \/>\n\t<meta name=\"twitter:data1\" content=\"1 minute\" \/>\n<script type=\"application\/ld+json\" class=\"yoast-schema-graph\">{\"@context\":\"https:\\\/\\\/schema.org\",\"@graph\":[{\"@type\":\"WebPage\",\"@id\":\"https:\\\/\\\/www.gilpivert.fr\\\/index.php\\\/le-connemara-et-le-burren-en-photo\\\/\",\"url\":\"https:\\\/\\\/www.gilpivert.fr\\\/index.php\\\/le-connemara-et-le-burren-en-photo\\\/\",\"name\":\"Le Connemara et le Burren en photo - Gil Pivert\",\"isPartOf\":{\"@id\":\"https:\\\/\\\/www.gilpivert.fr\\\/#website\"},\"primaryImageOfPage\":{\"@id\":\"https:\\\/\\\/www.gilpivert.fr\\\/index.php\\\/le-connemara-et-le-burren-en-photo\\\/#primaryimage\"},\"image\":{\"@id\":\"https:\\\/\\\/www.gilpivert.fr\\\/index.php\\\/le-connemara-et-le-burren-en-photo\\\/#primaryimage\"},\"thumbnailUrl\":\"https:\\\/\\\/i0.wp.com\\\/www.gilpivert.fr\\\/wp-content\\\/uploads\\\/2019\\\/07\\\/Irlande-9.jpg?fit=1200%2C447&ssl=1\",\"datePublished\":\"2019-06-12T14:34:23+00:00\",\"dateModified\":\"2019-09-04T10:09:26+00:00\",\"description\":\"Le ciel et les montagnes d'Irlande se pr\u00eatent bien \u00e0 la photo. En couleur comme en N&B, les reflets de la mer et des nuages donnent des vue magnifiques\",\"breadcrumb\":{\"@id\":\"https:\\\/\\\/www.gilpivert.fr\\\/index.php\\\/le-connemara-et-le-burren-en-photo\\\/#breadcrumb\"},\"inLanguage\":\"fr-FR\",\"potentialAction\":[{\"@type\":\"ReadAction\",\"target\":[\"https:\\\/\\\/www.gilpivert.fr\\\/index.php\\\/le-connemara-et-le-burren-en-photo\\\/\"]}]},{\"@type\":\"ImageObject\",\"inLanguage\":\"fr-FR\",\"@id\":\"https:\\\/\\\/www.gilpivert.fr\\\/index.php\\\/le-connemara-et-le-burren-en-photo\\\/#primaryimage\",\"url\":\"https:\\\/\\\/i0.wp.com\\\/www.gilpivert.fr\\\/wp-content\\\/uploads\\\/2019\\\/07\\\/Irlande-9.jpg?fit=1200%2C447&ssl=1\",\"contentUrl\":\"https:\\\/\\\/i0.wp.com\\\/www.gilpivert.fr\\\/wp-content\\\/uploads\\\/2019\\\/07\\\/Irlande-9.jpg?fit=1200%2C447&ssl=1\",\"width\":1200,\"height\":447,\"caption\":\"Printemps dans le fjiod de Killary en Irlande\"},{\"@type\":\"BreadcrumbList\",\"@id\":\"https:\\\/\\\/www.gilpivert.fr\\\/index.php\\\/le-connemara-et-le-burren-en-photo\\\/#breadcrumb\",\"itemListElement\":[{\"@type\":\"ListItem\",\"position\":1,\"name\":\"Accueil\",\"item\":\"https:\\\/\\\/www.gilpivert.fr\\\/\"},{\"@type\":\"ListItem\",\"position\":2,\"name\":\"Le Connemara et le Burren en photo\"}]},{\"@type\":\"WebSite\",\"@id\":\"https:\\\/\\\/www.gilpivert.fr\\\/#website\",\"url\":\"https:\\\/\\\/www.gilpivert.fr\\\/\",\"name\":\"Gil Pivert\",\"description\":\"Photos d\u2019art, culture et partage : R\u00eaver les yeux ouverts\",\"publisher\":{\"@id\":\"https:\\\/\\\/www.gilpivert.fr\\\/#organization\"},\"potentialAction\":[{\"@type\":\"SearchAction\",\"target\":{\"@type\":\"EntryPoint\",\"urlTemplate\":\"https:\\\/\\\/www.gilpivert.fr\\\/?s={search_term_string}\"},\"query-input\":{\"@type\":\"PropertyValueSpecification\",\"valueRequired\":true,\"valueName\":\"search_term_string\"}}],\"inLanguage\":\"fr-FR\"},{\"@type\":\"Organization\",\"@id\":\"https:\\\/\\\/www.gilpivert.fr\\\/#organization\",\"name\":\"Gil Pivert\",\"url\":\"https:\\\/\\\/www.gilpivert.fr\\\/\",\"logo\":{\"@type\":\"ImageObject\",\"inLanguage\":\"fr-FR\",\"@id\":\"https:\\\/\\\/www.gilpivert.fr\\\/#\\\/schema\\\/logo\\\/image\\\/\",\"url\":\"https:\\\/\\\/i1.wp.com\\\/www.gilpivert.fr\\\/wp-content\\\/uploads\\\/2019\\\/08\\\/Logo-GP-J400p.png?fit=400%2C187&ssl=1\",\"contentUrl\":\"https:\\\/\\\/i1.wp.com\\\/www.gilpivert.fr\\\/wp-content\\\/uploads\\\/2019\\\/08\\\/Logo-GP-J400p.png?fit=400%2C187&ssl=1\",\"width\":400,\"height\":187,\"caption\":\"Gil Pivert\"},\"image\":{\"@id\":\"https:\\\/\\\/www.gilpivert.fr\\\/#\\\/schema\\\/logo\\\/image\\\/\"},\"sameAs\":[\"http:\\\/\\\/gil.pivert\"]}]}<\/script>\n<!-- \/ Yoast SEO plugin. -->","yoast_head_json":{"title":"Le Connemara et le Burren en photo - Gil Pivert","description":"Le ciel et les montagnes d'Irlande se pr\u00eatent bien \u00e0 la photo. En couleur comme en N&B, les reflets de la mer et des nuages donnent des vue magnifiques","robots":{"index":"index","follow":"follow","max-snippet":"max-snippet:-1","max-image-preview":"max-image-preview:large","max-video-preview":"max-video-preview:-1"},"canonical":"https:\/\/www.gilpivert.fr\/index.php\/le-connemara-et-le-burren-en-photo\/","og_locale":"fr_FR","og_type":"article","og_title":"Le Connemara et le Burren en photo - Gil Pivert","og_description":"Le ciel et les montagnes d'Irlande se pr\u00eatent bien \u00e0 la photo. En couleur comme en N&B, les reflets de la mer et des nuages donnent des vue magnifiques","og_url":"https:\/\/www.gilpivert.fr\/index.php\/le-connemara-et-le-burren-en-photo\/","og_site_name":"Gil Pivert","article_modified_time":"2019-09-04T10:09:26+00:00","og_image":[{"width":1200,"height":447,"url":"https:\/\/i0.wp.com\/www.gilpivert.fr\/wp-content\/uploads\/2019\/07\/Irlande-9.jpg?fit=1200%2C447&ssl=1","type":"image\/jpeg"}],"twitter_card":"summary_large_image","twitter_misc":{"Dur\u00e9e de lecture estim\u00e9e":"1 minute"},"schema":{"@context":"https:\/\/schema.org","@graph":[{"@type":"WebPage","@id":"https:\/\/www.gilpivert.fr\/index.php\/le-connemara-et-le-burren-en-photo\/","url":"https:\/\/www.gilpivert.fr\/index.php\/le-connemara-et-le-burren-en-photo\/","name":"Le Connemara et le Burren en photo - Gil Pivert","isPartOf":{"@id":"https:\/\/www.gilpivert.fr\/#website"},"primaryImageOfPage":{"@id":"https:\/\/www.gilpivert.fr\/index.php\/le-connemara-et-le-burren-en-photo\/#primaryimage"},"image":{"@id":"https:\/\/www.gilpivert.fr\/index.php\/le-connemara-et-le-burren-en-photo\/#primaryimage"},"thumbnailUrl":"https:\/\/i0.wp.com\/www.gilpivert.fr\/wp-content\/uploads\/2019\/07\/Irlande-9.jpg?fit=1200%2C447&ssl=1","datePublished":"2019-06-12T14:34:23+00:00","dateModified":"2019-09-04T10:09:26+00:00","description":"Le ciel et les montagnes d'Irlande se pr\u00eatent bien \u00e0 la photo. En couleur comme en N&B, les reflets de la mer et des nuages donnent des vue magnifiques","breadcrumb":{"@id":"https:\/\/www.gilpivert.fr\/index.php\/le-connemara-et-le-burren-en-photo\/#breadcrumb"},"inLanguage":"fr-FR","potentialAction":[{"@type":"ReadAction","target":["https:\/\/www.gilpivert.fr\/index.php\/le-connemara-et-le-burren-en-photo\/"]}]},{"@type":"ImageObject","inLanguage":"fr-FR","@id":"https:\/\/www.gilpivert.fr\/index.php\/le-connemara-et-le-burren-en-photo\/#primaryimage","url":"https:\/\/i0.wp.com\/www.gilpivert.fr\/wp-content\/uploads\/2019\/07\/Irlande-9.jpg?fit=1200%2C447&ssl=1","contentUrl":"https:\/\/i0.wp.com\/www.gilpivert.fr\/wp-content\/uploads\/2019\/07\/Irlande-9.jpg?fit=1200%2C447&ssl=1","width":1200,"height":447,"caption":"Printemps dans le fjiod de Killary en Irlande"},{"@type":"BreadcrumbList","@id":"https:\/\/www.gilpivert.fr\/index.php\/le-connemara-et-le-burren-en-photo\/#breadcrumb","itemListElement":[{"@type":"ListItem","position":1,"name":"Accueil","item":"https:\/\/www.gilpivert.fr\/"},{"@type":"ListItem","position":2,"name":"Le Connemara et le Burren en photo"}]},{"@type":"WebSite","@id":"https:\/\/www.gilpivert.fr\/#website","url":"https:\/\/www.gilpivert.fr\/","name":"Gil Pivert","description":"Photos d\u2019art, culture et partage : R\u00eaver les yeux ouverts","publisher":{"@id":"https:\/\/www.gilpivert.fr\/#organization"},"potentialAction":[{"@type":"SearchAction","target":{"@type":"EntryPoint","urlTemplate":"https:\/\/www.gilpivert.fr\/?s={search_term_string}"},"query-input":{"@type":"PropertyValueSpecification","valueRequired":true,"valueName":"search_term_string"}}],"inLanguage":"fr-FR"},{"@type":"Organization","@id":"https:\/\/www.gilpivert.fr\/#organization","name":"Gil Pivert","url":"https:\/\/www.gilpivert.fr\/","logo":{"@type":"ImageObject","inLanguage":"fr-FR","@id":"https:\/\/www.gilpivert.fr\/#\/schema\/logo\/image\/","url":"https:\/\/i1.wp.com\/www.gilpivert.fr\/wp-content\/uploads\/2019\/08\/Logo-GP-J400p.png?fit=400%2C187&ssl=1","contentUrl":"https:\/\/i1.wp.com\/www.gilpivert.fr\/wp-content\/uploads\/2019\/08\/Logo-GP-J400p.png?fit=400%2C187&ssl=1","width":400,"height":187,"caption":"Gil Pivert"},"image":{"@id":"https:\/\/www.gilpivert.fr\/#\/schema\/logo\/image\/"},"sameAs":["http:\/\/gil.pivert"]}]}},"jetpack_shortlink":"https:\/\/wp.me\/PaTRHF-o4","jetpack_likes_enabled":false,"jetpack_sharing_enabled":true,"_links":{"self":[{"href":"https:\/\/www.gilpivert.fr\/index.php\/wp-json\/wp\/v2\/pages\/1492","targetHints":{"allow":["GET"]}}],"collection":[{"href":"https:\/\/www.gilpivert.fr\/index.php\/wp-json\/wp\/v2\/pages"}],"about":[{"href":"https:\/\/www.gilpivert.fr\/index.php\/wp-json\/wp\/v2\/types\/page"}],"author":[{"embeddable":true,"href":"https:\/\/www.gilpivert.fr\/index.php\/wp-json\/wp\/v2\/users\/1"}],"replies":[{"embeddable":true,"href":"https:\/\/www.gilpivert.fr\/index.php\/wp-json\/wp\/v2\/comments?post=1492"}],"version-history":[{"count":12,"href":"https:\/\/www.gilpivert.fr\/index.php\/wp-json\/wp\/v2\/pages\/1492\/revisions"}],"predecessor-version":[{"id":3172,"href":"https:\/\/www.gilpivert.fr\/index.php\/wp-json\/wp\/v2\/pages\/1492\/revisions\/3172"}],"wp:featuredmedia":[{"embeddable":true,"href":"https:\/\/www.gilpivert.fr\/index.php\/wp-json\/wp\/v2\/media\/1592"}],"wp:attachment":[{"href":"https:\/\/www.gilpivert.fr\/index.php\/wp-json\/wp\/v2\/media?parent=1492"}],"curies":[{"name":"wp","href":"https:\/\/api.w.org\/{rel}","templated":true}]}}