{"id":1165,"date":"2019-05-11T11:05:40","date_gmt":"2019-05-11T09:05:40","guid":{"rendered":"http:\/\/gilpivert.fr\/?page_id=1165"},"modified":"2019-09-21T09:00:55","modified_gmt":"2019-09-21T07:00:55","slug":"voyage-a-kawagoe","status":"publish","type":"page","link":"https:\/\/www.gilpivert.fr\/index.php\/voyage-a-kawagoe\/","title":{"rendered":"Voyage \u00e0 Kawagoe"},"content":{"rendered":"<p><img data-recalc-dims=\"1\" loading=\"lazy\" decoding=\"async\" data-attachment-id=\"1175\" data-permalink=\"https:\/\/www.gilpivert.fr\/index.php\/voyage-a-kawagoe\/kawagoe-gp-1010537-1\/\" data-orig-file=\"https:\/\/i0.wp.com\/www.gilpivert.fr\/wp-content\/uploads\/2019\/05\/Kawagoe-GP-1010537-1.jpg?fit=450%2C600&amp;ssl=1\" data-orig-size=\"450,600\" data-comments-opened=\"1\" data-image-meta=\"{&quot;aperture&quot;:&quot;5&quot;,&quot;credit&quot;:&quot;&quot;,&quot;camera&quot;:&quot;DMC-TZ10&quot;,&quot;caption&quot;:&quot;&quot;,&quot;created_timestamp&quot;:&quot;1363171265&quot;,&quot;copyright&quot;:&quot;&quot;,&quot;focal_length&quot;:&quot;4.1&quot;,&quot;iso&quot;:&quot;80&quot;,&quot;shutter_speed&quot;:&quot;0.0025&quot;,&quot;title&quot;:&quot;&quot;,&quot;orientation&quot;:&quot;0&quot;}\" data-image-title=\"Kawagoe-GP-1010537-1\" data-image-description=\"\" data-image-caption=\"\" data-large-file=\"https:\/\/i0.wp.com\/www.gilpivert.fr\/wp-content\/uploads\/2019\/05\/Kawagoe-GP-1010537-1.jpg?fit=450%2C600&amp;ssl=1\" class=\" wp-image-1175 alignleft\" src=\"https:\/\/i0.wp.com\/gilpivert.fr\/wp-content\/uploads\/2019\/05\/Kawagoe-GP-1010537-1-225x300.jpg?resize=146%2C194&#038;ssl=1\" alt=\"\" width=\"146\" height=\"194\" srcset=\"https:\/\/i0.wp.com\/www.gilpivert.fr\/wp-content\/uploads\/2019\/05\/Kawagoe-GP-1010537-1.jpg?resize=225%2C300&amp;ssl=1 225w, https:\/\/i0.wp.com\/www.gilpivert.fr\/wp-content\/uploads\/2019\/05\/Kawagoe-GP-1010537-1.jpg?w=450&amp;ssl=1 450w\" sizes=\"auto, (max-width: 146px) 100vw, 146px\" \/>Lors de mon premier voyage au Japon en 2010, nos amis Tetsuya et Riiko nous avaient aid\u00e9 \u00e0 construire un itin\u00e9raire qui nous faisait passer par la petite ville de Kawagoe au moment du Matsuri. Cette f\u00eate populaire locale voit de lourds chars repr\u00e9sentant les divers quartiers de la ville, tir\u00e9s \u00e0 bras d&rsquo;homme, s\u2019affronter en joutes musicales.<\/p>\n<p>Ayant \u00e9t\u00e9 invit\u00e9 par les parents de Tetsuya a sacrifier \u00e0 la divinit\u00e9 de leur quartier, nous avons \u00e9t\u00e9 convi\u00e9s \u00e0 participer activement \u00e0 la f\u00eate en \u00e9tant les premier occidentaux \u00e0 tirer le char de Shita-Mashi Benkei.<\/p>\n\n\nngg_shortcode_0_placeholder\n\n\n\n<p>Poursuivez la visite du Japon sur la page<a href=\"http:\/\/gilpivert.fr\/index.php\/le-havre\/\"> <\/a><a href=\"\/index.php\/2019\/08\/19\/gunkanjima-lile-navire-de-guerre\/\">Gunkanjima l&rsquo;\u00eele navire de guerre<\/a><\/p>\n\n\n\n<h4 class=\"wp-block-heading\"><a href=\"\/index.php\/destinations\/\">Retour galeries<\/a><\/h4>\n","protected":false},"excerpt":{"rendered":"<p>Lors de mon premier voyage au Japon en 2010, nos amis Tetsuya et Riiko nous avaient aid\u00e9 \u00e0 construire un itin\u00e9raire qui nous faisait passer par la petite ville de Kawagoe au moment du Matsuri. Cette f\u00eate populaire locale voit [&hellip;]<\/p>\n","protected":false},"author":1,"featured_media":0,"parent":0,"menu_order":0,"comment_status":"closed","ping_status":"closed","template":"","meta":{"ngg_post_thumbnail":0,"footnotes":""},"class_list":["post-1165","page","type-page","status-publish","hentry"],"yoast_head":"<!-- This site is optimized with the Yoast SEO plugin v27.5 - https:\/\/yoast.com\/product\/yoast-seo-wordpress\/ -->\n<title>Voyage \u00e0 Kawagoe - Gil Pivert<\/title>\n<meta name=\"description\" content=\"Je emm\u00e8ne, dans la petite ville de Kawagoe au moment du Matsuri, une f\u00eate populaire o\u00f9 l&#039;on voit de lourds chars, s\u2019affronter en joutes musicales.\" \/>\n<meta name=\"robots\" content=\"index, follow, max-snippet:-1, max-image-preview:large, max-video-preview:-1\" \/>\n<link rel=\"canonical\" href=\"https:\/\/www.gilpivert.fr\/index.php\/voyage-a-kawagoe\/\" \/>\n<meta property=\"og:locale\" content=\"fr_FR\" \/>\n<meta property=\"og:type\" content=\"article\" \/>\n<meta property=\"og:title\" content=\"Voyage \u00e0 Kawagoe - Gil Pivert\" \/>\n<meta property=\"og:description\" content=\"Je emm\u00e8ne, dans la petite ville de Kawagoe au moment du Matsuri, une f\u00eate populaire o\u00f9 l&#039;on voit de lourds chars, s\u2019affronter en joutes musicales.\" \/>\n<meta property=\"og:url\" content=\"https:\/\/www.gilpivert.fr\/index.php\/voyage-a-kawagoe\/\" \/>\n<meta property=\"og:site_name\" content=\"Gil Pivert\" \/>\n<meta property=\"article:modified_time\" content=\"2019-09-21T07:00:55+00:00\" \/>\n<meta property=\"og:image\" content=\"https:\/\/gilpivert.fr\/wp-content\/uploads\/2019\/05\/Kawagoe-GP-1010537-1-225x300.jpg\" \/>\n<meta name=\"twitter:card\" content=\"summary_large_image\" \/>\n<meta name=\"twitter:label1\" content=\"Dur\u00e9e de lecture estim\u00e9e\" \/>\n\t<meta name=\"twitter:data1\" content=\"1 minute\" \/>\n<script type=\"application\/ld+json\" class=\"yoast-schema-graph\">{\"@context\":\"https:\\\/\\\/schema.org\",\"@graph\":[{\"@type\":\"WebPage\",\"@id\":\"https:\\\/\\\/www.gilpivert.fr\\\/index.php\\\/voyage-a-kawagoe\\\/\",\"url\":\"https:\\\/\\\/www.gilpivert.fr\\\/index.php\\\/voyage-a-kawagoe\\\/\",\"name\":\"Voyage \u00e0 Kawagoe - Gil Pivert\",\"isPartOf\":{\"@id\":\"https:\\\/\\\/www.gilpivert.fr\\\/#website\"},\"primaryImageOfPage\":{\"@id\":\"https:\\\/\\\/www.gilpivert.fr\\\/index.php\\\/voyage-a-kawagoe\\\/#primaryimage\"},\"image\":{\"@id\":\"https:\\\/\\\/www.gilpivert.fr\\\/index.php\\\/voyage-a-kawagoe\\\/#primaryimage\"},\"thumbnailUrl\":\"https:\\\/\\\/gilpivert.fr\\\/wp-content\\\/uploads\\\/2019\\\/05\\\/Kawagoe-GP-1010537-1-225x300.jpg\",\"datePublished\":\"2019-05-11T09:05:40+00:00\",\"dateModified\":\"2019-09-21T07:00:55+00:00\",\"description\":\"Je emm\u00e8ne, dans la petite ville de Kawagoe au moment du Matsuri, une f\u00eate populaire o\u00f9 l'on voit de lourds chars, s\u2019affronter en joutes musicales.\",\"breadcrumb\":{\"@id\":\"https:\\\/\\\/www.gilpivert.fr\\\/index.php\\\/voyage-a-kawagoe\\\/#breadcrumb\"},\"inLanguage\":\"fr-FR\",\"potentialAction\":[{\"@type\":\"ReadAction\",\"target\":[\"https:\\\/\\\/www.gilpivert.fr\\\/index.php\\\/voyage-a-kawagoe\\\/\"]}]},{\"@type\":\"ImageObject\",\"inLanguage\":\"fr-FR\",\"@id\":\"https:\\\/\\\/www.gilpivert.fr\\\/index.php\\\/voyage-a-kawagoe\\\/#primaryimage\",\"url\":\"https:\\\/\\\/gilpivert.fr\\\/wp-content\\\/uploads\\\/2019\\\/05\\\/Kawagoe-GP-1010537-1-225x300.jpg\",\"contentUrl\":\"https:\\\/\\\/gilpivert.fr\\\/wp-content\\\/uploads\\\/2019\\\/05\\\/Kawagoe-GP-1010537-1-225x300.jpg\"},{\"@type\":\"BreadcrumbList\",\"@id\":\"https:\\\/\\\/www.gilpivert.fr\\\/index.php\\\/voyage-a-kawagoe\\\/#breadcrumb\",\"itemListElement\":[{\"@type\":\"ListItem\",\"position\":1,\"name\":\"Accueil\",\"item\":\"https:\\\/\\\/www.gilpivert.fr\\\/\"},{\"@type\":\"ListItem\",\"position\":2,\"name\":\"Voyage \u00e0 Kawagoe\"}]},{\"@type\":\"WebSite\",\"@id\":\"https:\\\/\\\/www.gilpivert.fr\\\/#website\",\"url\":\"https:\\\/\\\/www.gilpivert.fr\\\/\",\"name\":\"Gil Pivert\",\"description\":\"Photos d\u2019art, culture et partage : R\u00eaver les yeux ouverts\",\"publisher\":{\"@id\":\"https:\\\/\\\/www.gilpivert.fr\\\/#organization\"},\"potentialAction\":[{\"@type\":\"SearchAction\",\"target\":{\"@type\":\"EntryPoint\",\"urlTemplate\":\"https:\\\/\\\/www.gilpivert.fr\\\/?s={search_term_string}\"},\"query-input\":{\"@type\":\"PropertyValueSpecification\",\"valueRequired\":true,\"valueName\":\"search_term_string\"}}],\"inLanguage\":\"fr-FR\"},{\"@type\":\"Organization\",\"@id\":\"https:\\\/\\\/www.gilpivert.fr\\\/#organization\",\"name\":\"Gil Pivert\",\"url\":\"https:\\\/\\\/www.gilpivert.fr\\\/\",\"logo\":{\"@type\":\"ImageObject\",\"inLanguage\":\"fr-FR\",\"@id\":\"https:\\\/\\\/www.gilpivert.fr\\\/#\\\/schema\\\/logo\\\/image\\\/\",\"url\":\"https:\\\/\\\/i1.wp.com\\\/www.gilpivert.fr\\\/wp-content\\\/uploads\\\/2019\\\/08\\\/Logo-GP-J400p.png?fit=400%2C187&ssl=1\",\"contentUrl\":\"https:\\\/\\\/i1.wp.com\\\/www.gilpivert.fr\\\/wp-content\\\/uploads\\\/2019\\\/08\\\/Logo-GP-J400p.png?fit=400%2C187&ssl=1\",\"width\":400,\"height\":187,\"caption\":\"Gil Pivert\"},\"image\":{\"@id\":\"https:\\\/\\\/www.gilpivert.fr\\\/#\\\/schema\\\/logo\\\/image\\\/\"},\"sameAs\":[\"http:\\\/\\\/gil.pivert\"]}]}<\/script>\n<!-- \/ Yoast SEO plugin. -->","yoast_head_json":{"title":"Voyage \u00e0 Kawagoe - Gil Pivert","description":"Je emm\u00e8ne, dans la petite ville de Kawagoe au moment du Matsuri, une f\u00eate populaire o\u00f9 l'on voit de lourds chars, s\u2019affronter en joutes musicales.","robots":{"index":"index","follow":"follow","max-snippet":"max-snippet:-1","max-image-preview":"max-image-preview:large","max-video-preview":"max-video-preview:-1"},"canonical":"https:\/\/www.gilpivert.fr\/index.php\/voyage-a-kawagoe\/","og_locale":"fr_FR","og_type":"article","og_title":"Voyage \u00e0 Kawagoe - Gil Pivert","og_description":"Je emm\u00e8ne, dans la petite ville de Kawagoe au moment du Matsuri, une f\u00eate populaire o\u00f9 l'on voit de lourds chars, s\u2019affronter en joutes musicales.","og_url":"https:\/\/www.gilpivert.fr\/index.php\/voyage-a-kawagoe\/","og_site_name":"Gil Pivert","article_modified_time":"2019-09-21T07:00:55+00:00","og_image":[{"url":"https:\/\/gilpivert.fr\/wp-content\/uploads\/2019\/05\/Kawagoe-GP-1010537-1-225x300.jpg","type":"","width":"","height":""}],"twitter_card":"summary_large_image","twitter_misc":{"Dur\u00e9e de lecture estim\u00e9e":"1 minute"},"schema":{"@context":"https:\/\/schema.org","@graph":[{"@type":"WebPage","@id":"https:\/\/www.gilpivert.fr\/index.php\/voyage-a-kawagoe\/","url":"https:\/\/www.gilpivert.fr\/index.php\/voyage-a-kawagoe\/","name":"Voyage \u00e0 Kawagoe - Gil Pivert","isPartOf":{"@id":"https:\/\/www.gilpivert.fr\/#website"},"primaryImageOfPage":{"@id":"https:\/\/www.gilpivert.fr\/index.php\/voyage-a-kawagoe\/#primaryimage"},"image":{"@id":"https:\/\/www.gilpivert.fr\/index.php\/voyage-a-kawagoe\/#primaryimage"},"thumbnailUrl":"https:\/\/gilpivert.fr\/wp-content\/uploads\/2019\/05\/Kawagoe-GP-1010537-1-225x300.jpg","datePublished":"2019-05-11T09:05:40+00:00","dateModified":"2019-09-21T07:00:55+00:00","description":"Je emm\u00e8ne, dans la petite ville de Kawagoe au moment du Matsuri, une f\u00eate populaire o\u00f9 l'on voit de lourds chars, s\u2019affronter en joutes musicales.","breadcrumb":{"@id":"https:\/\/www.gilpivert.fr\/index.php\/voyage-a-kawagoe\/#breadcrumb"},"inLanguage":"fr-FR","potentialAction":[{"@type":"ReadAction","target":["https:\/\/www.gilpivert.fr\/index.php\/voyage-a-kawagoe\/"]}]},{"@type":"ImageObject","inLanguage":"fr-FR","@id":"https:\/\/www.gilpivert.fr\/index.php\/voyage-a-kawagoe\/#primaryimage","url":"https:\/\/gilpivert.fr\/wp-content\/uploads\/2019\/05\/Kawagoe-GP-1010537-1-225x300.jpg","contentUrl":"https:\/\/gilpivert.fr\/wp-content\/uploads\/2019\/05\/Kawagoe-GP-1010537-1-225x300.jpg"},{"@type":"BreadcrumbList","@id":"https:\/\/www.gilpivert.fr\/index.php\/voyage-a-kawagoe\/#breadcrumb","itemListElement":[{"@type":"ListItem","position":1,"name":"Accueil","item":"https:\/\/www.gilpivert.fr\/"},{"@type":"ListItem","position":2,"name":"Voyage \u00e0 Kawagoe"}]},{"@type":"WebSite","@id":"https:\/\/www.gilpivert.fr\/#website","url":"https:\/\/www.gilpivert.fr\/","name":"Gil Pivert","description":"Photos d\u2019art, culture et partage : R\u00eaver les yeux ouverts","publisher":{"@id":"https:\/\/www.gilpivert.fr\/#organization"},"potentialAction":[{"@type":"SearchAction","target":{"@type":"EntryPoint","urlTemplate":"https:\/\/www.gilpivert.fr\/?s={search_term_string}"},"query-input":{"@type":"PropertyValueSpecification","valueRequired":true,"valueName":"search_term_string"}}],"inLanguage":"fr-FR"},{"@type":"Organization","@id":"https:\/\/www.gilpivert.fr\/#organization","name":"Gil Pivert","url":"https:\/\/www.gilpivert.fr\/","logo":{"@type":"ImageObject","inLanguage":"fr-FR","@id":"https:\/\/www.gilpivert.fr\/#\/schema\/logo\/image\/","url":"https:\/\/i1.wp.com\/www.gilpivert.fr\/wp-content\/uploads\/2019\/08\/Logo-GP-J400p.png?fit=400%2C187&ssl=1","contentUrl":"https:\/\/i1.wp.com\/www.gilpivert.fr\/wp-content\/uploads\/2019\/08\/Logo-GP-J400p.png?fit=400%2C187&ssl=1","width":400,"height":187,"caption":"Gil Pivert"},"image":{"@id":"https:\/\/www.gilpivert.fr\/#\/schema\/logo\/image\/"},"sameAs":["http:\/\/gil.pivert"]}]}},"jetpack_shortlink":"https:\/\/wp.me\/PaTRHF-iN","jetpack_likes_enabled":false,"jetpack_sharing_enabled":true,"_links":{"self":[{"href":"https:\/\/www.gilpivert.fr\/index.php\/wp-json\/wp\/v2\/pages\/1165","targetHints":{"allow":["GET"]}}],"collection":[{"href":"https:\/\/www.gilpivert.fr\/index.php\/wp-json\/wp\/v2\/pages"}],"about":[{"href":"https:\/\/www.gilpivert.fr\/index.php\/wp-json\/wp\/v2\/types\/page"}],"author":[{"embeddable":true,"href":"https:\/\/www.gilpivert.fr\/index.php\/wp-json\/wp\/v2\/users\/1"}],"replies":[{"embeddable":true,"href":"https:\/\/www.gilpivert.fr\/index.php\/wp-json\/wp\/v2\/comments?post=1165"}],"version-history":[{"count":12,"href":"https:\/\/www.gilpivert.fr\/index.php\/wp-json\/wp\/v2\/pages\/1165\/revisions"}],"predecessor-version":[{"id":3656,"href":"https:\/\/www.gilpivert.fr\/index.php\/wp-json\/wp\/v2\/pages\/1165\/revisions\/3656"}],"wp:attachment":[{"href":"https:\/\/www.gilpivert.fr\/index.php\/wp-json\/wp\/v2\/media?parent=1165"}],"curies":[{"name":"wp","href":"https:\/\/api.w.org\/{rel}","templated":true}]}}