{"id":1127,"date":"2019-05-10T17:23:24","date_gmt":"2019-05-10T15:23:24","guid":{"rendered":"http:\/\/gilpivert.fr\/?page_id=1127"},"modified":"2019-09-20T15:21:07","modified_gmt":"2019-09-20T13:21:07","slug":"voyage-en-bretagne","status":"publish","type":"page","link":"https:\/\/www.gilpivert.fr\/index.php\/voyage-en-bretagne\/","title":{"rendered":"Voyage en Bretagne"},"content":{"rendered":"\n<p>Voici un aper\u00e7u des tr\u00e8s beaux paysages que j&rsquo;aime photographier en Bretagne <\/p>\n\n\n\nngg_shortcode_0_placeholder\n\n\n\n<p>En Bretagne, il y a aussi des jardins remarquables comme ceux de <a href=\"\/index.php\/2019\/05\/07\/domaine-de-boutiguery-entre-quimper-et-benodet\/\">Boutig\u00e9ry<\/a> qu&rsquo;il faut visiter au printemps.<\/p>\n\n\n\n<h4 class=\"wp-block-heading\"><a href=\"\/index.php\/destinations\/\">Autres destinations<\/a><\/h4>\n","protected":false},"excerpt":{"rendered":"<p>Voici un aper\u00e7u des tr\u00e8s beaux paysages que j&rsquo;aime photographier en Bretagne En Bretagne, il y a aussi des jardins remarquables comme ceux de Boutig\u00e9ry qu&rsquo;il faut visiter au printemps. Autres destinations<\/p>\n","protected":false},"author":1,"featured_media":0,"parent":0,"menu_order":0,"comment_status":"closed","ping_status":"closed","template":"","meta":{"ngg_post_thumbnail":0,"footnotes":""},"class_list":["post-1127","page","type-page","status-publish","hentry"],"yoast_head":"<!-- This site is optimized with the Yoast SEO plugin v27.4 - https:\/\/yoast.com\/product\/yoast-seo-wordpress\/ -->\n<title>Voyage en Bretagne - Gil Pivert<\/title>\n<meta name=\"description\" content=\"J&#039;ai tr\u00e8s souvent l&#039;occasion d&#039;aller en Bretagne. les paysages y sont superbes, magnifi\u00e9s par l&#039;air de la mer et les ciels qui donne une tr\u00e8s belle lumi\u00e8re.\" \/>\n<meta name=\"robots\" content=\"index, follow, max-snippet:-1, max-image-preview:large, max-video-preview:-1\" \/>\n<link rel=\"canonical\" href=\"https:\/\/www.gilpivert.fr\/index.php\/voyage-en-bretagne\/\" \/>\n<meta property=\"og:locale\" content=\"fr_FR\" \/>\n<meta property=\"og:type\" content=\"article\" \/>\n<meta property=\"og:title\" content=\"Voyage en Bretagne - Gil Pivert\" \/>\n<meta property=\"og:description\" content=\"J&#039;ai tr\u00e8s souvent l&#039;occasion d&#039;aller en Bretagne. les paysages y sont superbes, magnifi\u00e9s par l&#039;air de la mer et les ciels qui donne une tr\u00e8s belle lumi\u00e8re.\" \/>\n<meta property=\"og:url\" content=\"https:\/\/www.gilpivert.fr\/index.php\/voyage-en-bretagne\/\" \/>\n<meta property=\"og:site_name\" content=\"Gil Pivert\" \/>\n<meta property=\"article:modified_time\" content=\"2019-09-20T13:21:07+00:00\" \/>\n<meta name=\"twitter:card\" content=\"summary_large_image\" \/>\n<script type=\"application\/ld+json\" class=\"yoast-schema-graph\">{\"@context\":\"https:\\\/\\\/schema.org\",\"@graph\":[{\"@type\":\"WebPage\",\"@id\":\"https:\\\/\\\/www.gilpivert.fr\\\/index.php\\\/voyage-en-bretagne\\\/\",\"url\":\"https:\\\/\\\/www.gilpivert.fr\\\/index.php\\\/voyage-en-bretagne\\\/\",\"name\":\"Voyage en Bretagne - Gil Pivert\",\"isPartOf\":{\"@id\":\"https:\\\/\\\/www.gilpivert.fr\\\/#website\"},\"datePublished\":\"2019-05-10T15:23:24+00:00\",\"dateModified\":\"2019-09-20T13:21:07+00:00\",\"description\":\"J'ai tr\u00e8s souvent l'occasion d'aller en Bretagne. les paysages y sont superbes, magnifi\u00e9s par l'air de la mer et les ciels qui donne une tr\u00e8s belle lumi\u00e8re.\",\"breadcrumb\":{\"@id\":\"https:\\\/\\\/www.gilpivert.fr\\\/index.php\\\/voyage-en-bretagne\\\/#breadcrumb\"},\"inLanguage\":\"fr-FR\",\"potentialAction\":[{\"@type\":\"ReadAction\",\"target\":[\"https:\\\/\\\/www.gilpivert.fr\\\/index.php\\\/voyage-en-bretagne\\\/\"]}]},{\"@type\":\"BreadcrumbList\",\"@id\":\"https:\\\/\\\/www.gilpivert.fr\\\/index.php\\\/voyage-en-bretagne\\\/#breadcrumb\",\"itemListElement\":[{\"@type\":\"ListItem\",\"position\":1,\"name\":\"Accueil\",\"item\":\"https:\\\/\\\/www.gilpivert.fr\\\/\"},{\"@type\":\"ListItem\",\"position\":2,\"name\":\"Voyage en Bretagne\"}]},{\"@type\":\"WebSite\",\"@id\":\"https:\\\/\\\/www.gilpivert.fr\\\/#website\",\"url\":\"https:\\\/\\\/www.gilpivert.fr\\\/\",\"name\":\"Gil Pivert\",\"description\":\"Photos d\u2019art, culture et partage : R\u00eaver les yeux ouverts\",\"publisher\":{\"@id\":\"https:\\\/\\\/www.gilpivert.fr\\\/#organization\"},\"potentialAction\":[{\"@type\":\"SearchAction\",\"target\":{\"@type\":\"EntryPoint\",\"urlTemplate\":\"https:\\\/\\\/www.gilpivert.fr\\\/?s={search_term_string}\"},\"query-input\":{\"@type\":\"PropertyValueSpecification\",\"valueRequired\":true,\"valueName\":\"search_term_string\"}}],\"inLanguage\":\"fr-FR\"},{\"@type\":\"Organization\",\"@id\":\"https:\\\/\\\/www.gilpivert.fr\\\/#organization\",\"name\":\"Gil Pivert\",\"url\":\"https:\\\/\\\/www.gilpivert.fr\\\/\",\"logo\":{\"@type\":\"ImageObject\",\"inLanguage\":\"fr-FR\",\"@id\":\"https:\\\/\\\/www.gilpivert.fr\\\/#\\\/schema\\\/logo\\\/image\\\/\",\"url\":\"https:\\\/\\\/i1.wp.com\\\/www.gilpivert.fr\\\/wp-content\\\/uploads\\\/2019\\\/08\\\/Logo-GP-J400p.png?fit=400%2C187&ssl=1\",\"contentUrl\":\"https:\\\/\\\/i1.wp.com\\\/www.gilpivert.fr\\\/wp-content\\\/uploads\\\/2019\\\/08\\\/Logo-GP-J400p.png?fit=400%2C187&ssl=1\",\"width\":400,\"height\":187,\"caption\":\"Gil Pivert\"},\"image\":{\"@id\":\"https:\\\/\\\/www.gilpivert.fr\\\/#\\\/schema\\\/logo\\\/image\\\/\"},\"sameAs\":[\"http:\\\/\\\/gil.pivert\"]}]}<\/script>\n<!-- \/ Yoast SEO plugin. -->","yoast_head_json":{"title":"Voyage en Bretagne - Gil Pivert","description":"J'ai tr\u00e8s souvent l'occasion d'aller en Bretagne. les paysages y sont superbes, magnifi\u00e9s par l'air de la mer et les ciels qui donne une tr\u00e8s belle lumi\u00e8re.","robots":{"index":"index","follow":"follow","max-snippet":"max-snippet:-1","max-image-preview":"max-image-preview:large","max-video-preview":"max-video-preview:-1"},"canonical":"https:\/\/www.gilpivert.fr\/index.php\/voyage-en-bretagne\/","og_locale":"fr_FR","og_type":"article","og_title":"Voyage en Bretagne - Gil Pivert","og_description":"J'ai tr\u00e8s souvent l'occasion d'aller en Bretagne. les paysages y sont superbes, magnifi\u00e9s par l'air de la mer et les ciels qui donne une tr\u00e8s belle lumi\u00e8re.","og_url":"https:\/\/www.gilpivert.fr\/index.php\/voyage-en-bretagne\/","og_site_name":"Gil Pivert","article_modified_time":"2019-09-20T13:21:07+00:00","twitter_card":"summary_large_image","schema":{"@context":"https:\/\/schema.org","@graph":[{"@type":"WebPage","@id":"https:\/\/www.gilpivert.fr\/index.php\/voyage-en-bretagne\/","url":"https:\/\/www.gilpivert.fr\/index.php\/voyage-en-bretagne\/","name":"Voyage en Bretagne - Gil Pivert","isPartOf":{"@id":"https:\/\/www.gilpivert.fr\/#website"},"datePublished":"2019-05-10T15:23:24+00:00","dateModified":"2019-09-20T13:21:07+00:00","description":"J'ai tr\u00e8s souvent l'occasion d'aller en Bretagne. les paysages y sont superbes, magnifi\u00e9s par l'air de la mer et les ciels qui donne une tr\u00e8s belle lumi\u00e8re.","breadcrumb":{"@id":"https:\/\/www.gilpivert.fr\/index.php\/voyage-en-bretagne\/#breadcrumb"},"inLanguage":"fr-FR","potentialAction":[{"@type":"ReadAction","target":["https:\/\/www.gilpivert.fr\/index.php\/voyage-en-bretagne\/"]}]},{"@type":"BreadcrumbList","@id":"https:\/\/www.gilpivert.fr\/index.php\/voyage-en-bretagne\/#breadcrumb","itemListElement":[{"@type":"ListItem","position":1,"name":"Accueil","item":"https:\/\/www.gilpivert.fr\/"},{"@type":"ListItem","position":2,"name":"Voyage en Bretagne"}]},{"@type":"WebSite","@id":"https:\/\/www.gilpivert.fr\/#website","url":"https:\/\/www.gilpivert.fr\/","name":"Gil Pivert","description":"Photos d\u2019art, culture et partage : R\u00eaver les yeux ouverts","publisher":{"@id":"https:\/\/www.gilpivert.fr\/#organization"},"potentialAction":[{"@type":"SearchAction","target":{"@type":"EntryPoint","urlTemplate":"https:\/\/www.gilpivert.fr\/?s={search_term_string}"},"query-input":{"@type":"PropertyValueSpecification","valueRequired":true,"valueName":"search_term_string"}}],"inLanguage":"fr-FR"},{"@type":"Organization","@id":"https:\/\/www.gilpivert.fr\/#organization","name":"Gil Pivert","url":"https:\/\/www.gilpivert.fr\/","logo":{"@type":"ImageObject","inLanguage":"fr-FR","@id":"https:\/\/www.gilpivert.fr\/#\/schema\/logo\/image\/","url":"https:\/\/i1.wp.com\/www.gilpivert.fr\/wp-content\/uploads\/2019\/08\/Logo-GP-J400p.png?fit=400%2C187&ssl=1","contentUrl":"https:\/\/i1.wp.com\/www.gilpivert.fr\/wp-content\/uploads\/2019\/08\/Logo-GP-J400p.png?fit=400%2C187&ssl=1","width":400,"height":187,"caption":"Gil Pivert"},"image":{"@id":"https:\/\/www.gilpivert.fr\/#\/schema\/logo\/image\/"},"sameAs":["http:\/\/gil.pivert"]}]}},"jetpack_shortlink":"https:\/\/wp.me\/PaTRHF-ib","jetpack_likes_enabled":false,"jetpack_sharing_enabled":true,"_links":{"self":[{"href":"https:\/\/www.gilpivert.fr\/index.php\/wp-json\/wp\/v2\/pages\/1127","targetHints":{"allow":["GET"]}}],"collection":[{"href":"https:\/\/www.gilpivert.fr\/index.php\/wp-json\/wp\/v2\/pages"}],"about":[{"href":"https:\/\/www.gilpivert.fr\/index.php\/wp-json\/wp\/v2\/types\/page"}],"author":[{"embeddable":true,"href":"https:\/\/www.gilpivert.fr\/index.php\/wp-json\/wp\/v2\/users\/1"}],"replies":[{"embeddable":true,"href":"https:\/\/www.gilpivert.fr\/index.php\/wp-json\/wp\/v2\/comments?post=1127"}],"version-history":[{"count":12,"href":"https:\/\/www.gilpivert.fr\/index.php\/wp-json\/wp\/v2\/pages\/1127\/revisions"}],"predecessor-version":[{"id":3651,"href":"https:\/\/www.gilpivert.fr\/index.php\/wp-json\/wp\/v2\/pages\/1127\/revisions\/3651"}],"wp:attachment":[{"href":"https:\/\/www.gilpivert.fr\/index.php\/wp-json\/wp\/v2\/media?parent=1127"}],"curies":[{"name":"wp","href":"https:\/\/api.w.org\/{rel}","templated":true}]}}